{"id":12174,"date":"2024-06-13T10:36:32","date_gmt":"2024-06-13T10:36:32","guid":{"rendered":"https:\/\/iestrevenque.es\/sitio\/?page_id=12174"},"modified":"2024-06-13T10:53:47","modified_gmt":"2024-06-13T10:53:47","slug":"tab-desing-lab","status":"publish","type":"page","link":"https:\/\/iestrevenque.es\/sitio\/tab-desing-lab\/","title":{"rendered":"Tab Desing Lab"},"content":{"rendered":"<p style=\"text-align: justify;\">Dibujo Art\u00edstico y Creaci\u00f3n Visual: Desing Lab es una materia dise\u00f1ada para explorar y potenciar la creatividad, el crecimiento emocional y el desarrollo personal del alumnado trav\u00e9s del Dibujo art\u00edstico y el Dise\u00f1o. Esta asignatura ofrece un espacio seguro y estimulante donde expresarse libremente, desarrollar habilidades creativas, aprender competencias digitales y explorar sus emociones.<\/p>\n<p style=\"text-align: justify;\">Se practicar\u00e1n t\u00e9cnicas tradicionales y contempor\u00e1neas para llevar a cabo proyectos vinculados con necesidades actuales donde la reflexi\u00f3n y el an\u00e1lisis colaborativo jugar\u00e1n un papel fundamental. Se fomentar\u00e1 la observaci\u00f3n, la imaginaci\u00f3n y la experimentaci\u00f3n, permitiendo al alumnado desarrollar su propio estilo y voz art\u00edstica. Se enfocar\u00e1 el dibujo al \u00e1mbito del dise\u00f1o explorando sus principios fundamentales, abordando conceptos fundamentales como p\u00fablico objetivo, posicionamiento, propuesta de valor, marketing, etc.<\/p>\n<p style=\"text-align: justify;\">Todo desde un enfoque pr\u00e1ctico elaborando proyectos que involucrar\u00e1n la aplicaci\u00f3n del dise\u00f1o en diversas \u00e1reas como el dise\u00f1o gr\u00e1fico, el dise\u00f1o de productos y el dise\u00f1o de espacios, permitiendo a los estudiantes experimentar con diferentes medios y t\u00e9cnicas.<\/p>\n<p style=\"text-align: justify;\">Adem\u00e1s, nuestra materia se compromete con los Objetivos de Desarrollo Sostenible de las Naciones Unidas, integrando actividades que promueven la conciencia ambiental, la justicia social y la responsabilidad global. A trav\u00e9s del arte y el dise\u00f1o, exploramos temas como la igualdad de g\u00e9nero, la diversidad cultural, la preservaci\u00f3n del medio ambiente y la lucha contra la pobreza. Para enriquecer el aprendizaje, incorporamos vocabulario espec\u00edfico en ingl\u00e9s, preparando al alumnado a comunicarse efectivamente en un mundo globalizado. Aprender t\u00e9rminos t\u00e9cnicos y conceptos fundamentales en ingl\u00e9s relacionados con el arte y el dise\u00f1o les brinda una ventaja en un mercado laboral internacional y les permite acceder a recursos y referencias en l\u00ednea de manera m\u00e1s fluida.<\/p>\n<p style=\"text-align: justify;\">Nuestro objetivo es crear un ambiente de aprendizaje inclusivo y estimulante, donde cada estudiante se sienta inspirado a expresarse, a explorar nuevas ideas y a contribuir de manera positiva al mundo que les rodea. Dibujo Art\u00edstico y Creaci\u00f3n Visual: Desing Lab es mucho m\u00e1s que una materia, es una oportunidad para crecer como individuos y como agentes de cambio en nuestra sociedad.<\/p>\n","protected":false},"excerpt":{"rendered":"<p>Dibujo Art\u00edstico y Creaci\u00f3n Visual: Desing Lab es una materia dise\u00f1ada para explorar y potenciar la creatividad, el crecimiento emocional y el desarrollo personal del alumnado trav\u00e9s del Dibujo art\u00edstico y el Dise\u00f1o. Esta asignatura ofrece un espacio seguro y estimulante donde expresarse libremente, desarrollar habilidades creativas, aprender competencias digitales y explorar sus emociones. Se\u2026 <span class=\"read-more\"><a href=\"https:\/\/iestrevenque.es\/sitio\/tab-desing-lab\/\">Leer m\u00e1s &raquo;<\/a><\/span><\/p>\n","protected":false},"author":8,"featured_media":0,"parent":0,"menu_order":0,"comment_status":"closed","ping_status":"closed","template":"","meta":{"ngg_post_thumbnail":0,"jetpack_post_was_ever_published":false,"footnotes":""},"categories":[16],"tags":[],"class_list":["post-12174","page","type-page","status-publish","hentry","category-tabs-info-materias-optativas"],"jetpack_sharing_enabled":true,"jetpack_shortlink":"https:\/\/wp.me\/Pa47Ce-3am","_links":{"self":[{"href":"https:\/\/iestrevenque.es\/sitio\/wp-json\/wp\/v2\/pages\/12174","targetHints":{"allow":["GET"]}}],"collection":[{"href":"https:\/\/iestrevenque.es\/sitio\/wp-json\/wp\/v2\/pages"}],"about":[{"href":"https:\/\/iestrevenque.es\/sitio\/wp-json\/wp\/v2\/types\/page"}],"author":[{"embeddable":true,"href":"https:\/\/iestrevenque.es\/sitio\/wp-json\/wp\/v2\/users\/8"}],"replies":[{"embeddable":true,"href":"https:\/\/iestrevenque.es\/sitio\/wp-json\/wp\/v2\/comments?post=12174"}],"version-history":[{"count":3,"href":"https:\/\/iestrevenque.es\/sitio\/wp-json\/wp\/v2\/pages\/12174\/revisions"}],"predecessor-version":[{"id":12183,"href":"https:\/\/iestrevenque.es\/sitio\/wp-json\/wp\/v2\/pages\/12174\/revisions\/12183"}],"wp:attachment":[{"href":"https:\/\/iestrevenque.es\/sitio\/wp-json\/wp\/v2\/media?parent=12174"}],"wp:term":[{"taxonomy":"category","embeddable":true,"href":"https:\/\/iestrevenque.es\/sitio\/wp-json\/wp\/v2\/categories?post=12174"},{"taxonomy":"post_tag","embeddable":true,"href":"https:\/\/iestrevenque.es\/sitio\/wp-json\/wp\/v2\/tags?post=12174"}],"curies":[{"name":"wp","href":"https:\/\/api.w.org\/{rel}","templated":true}]}}