{"id":12176,"date":"2024-06-13T10:40:35","date_gmt":"2024-06-13T10:40:35","guid":{"rendered":"https:\/\/iestrevenque.es\/sitio\/?page_id=12176"},"modified":"2024-06-13T10:52:20","modified_gmt":"2024-06-13T10:52:20","slug":"tab-cine-y-filosofia","status":"publish","type":"page","link":"https:\/\/iestrevenque.es\/sitio\/tab-cine-y-filosofia\/","title":{"rendered":"Tab Cine y Filosof\u00eda"},"content":{"rendered":"<p style=\"text-align: justify;\"><span class=\"fontstyle0\">La materia de dise\u00f1o propio <\/span><span class=\"fontstyle2\">\u201cCine y Filosof\u00eda\u201d <\/span><span class=\"fontstyle0\">parte del presupuesto de que los contenidos puramente filos\u00f3ficos y te\u00f3ricos est\u00e1n ya impl\u00edcitos en nuestro trato cotidiano con el mundo. A menudo es com\u00fan enfrentarse a dilemas de car\u00e1cter \u00e9tico, a reflexiones de tipo epistemol\u00f3gico o a cuestiones de car\u00e1cter teol\u00f3gico o m\u00edstico en conversaciones cotidianas con amigos, en el consumo de cualquier producto cultural como una novela de ficci\u00f3n para ni\u00f1os, una teleserie, o cualquier videoclip musical que de forma taimada puede incluir planteamientos filos\u00f3ficos. Esto cobra especial profundidad y relevancia en el mundo cinematogr\u00e1fico donde podemos encontrar infinidad de largometrajes que tienen de trasfondo una trama que trata cuestiones puramente filos\u00f3ficas.<\/span><\/p>\n<p style=\"text-align: justify;\"><span class=\"fontstyle0\">Considerando esto, la materia de \u201cCine y Filosof\u00eda\u201d nace con la pretensi\u00f3n de aproximar a los alumnos a cuestiones de car\u00e1cter puramente filos\u00f3fico a trav\u00e9s de productos culturales cinematogr\u00e1ficos. Se inscribe en el primer curso de bachillerato, pues constituye este curso de bachillerato una buena introducci\u00f3n a la filosof\u00eda, ya con mayor nivel de profundizaci\u00f3n y rigor.<\/span><\/p>\n<p style=\"text-align: justify;\"><span class=\"fontstyle0\">Complementar la materia troncal de \u201cFilosof\u00eda\u201d de 1\u00ba de Bachillerato con la optativa \u201cCine y Filosof\u00eda\u201d puede ser la combinaci\u00f3n perfecta -para aquellos que la elijan- que sirva simult\u00e1neamente para experimentar lo cotidiano de la experiencia filos\u00f3fica y para actuar como acicate para implicar y motivar a los alumnos m\u00e1s profundamente en la materia de Filosof\u00eda de 1\u00ba Bachillerato.<\/span><\/p>\n<p style=\"text-align: justify;\"><span class=\"fontstyle0\">Del mismo modo los alumnos que hayan elegido esta materia estar\u00e1n predispuestos m\u00e1s positivamente a enfrentar durante el 2\u00ba curso de bachillerato la materia de \u201cHistoria de la Filosof\u00eda\u201d pues habr\u00e1n sido introducidos a algunos de los contenidos de la misma. Al ser esta materia un repaso historiogr\u00e1fico de la evoluci\u00f3n de las ideas filos\u00f3ficas que contiene tambi\u00e9n estudios monogr\u00e1ficos de algunos autores, la introducci\u00f3n que puede suponer a la misma el haber visto, comentado y reflexionado sobre pel\u00edculas que tratan del mundo antiguo puede ser tambi\u00e9n una ayuda fundamental para completar la formaci\u00f3n filos\u00f3fica del alumnado durante la etapa de Bachillerato. Por otro lado, debido al nivel de rigor y exigencia del 2\u00ba curso de bachillerato no solo en Historia de la Filosof\u00eda, sino en todas las materias, predisponer al alumnado positivamente realizando un ejercicio de refuerzo positivo y motivaci\u00f3n mediante la preparaci\u00f3n previa que supone esta materia puede ser esencial para cubrir una etapa de formaci\u00f3n filos\u00f3fica en bachillerato en \u00f3ptimas condiciones.<\/span><\/p>\n","protected":false},"excerpt":{"rendered":"<p>La materia de dise\u00f1o propio \u201cCine y Filosof\u00eda\u201d parte del presupuesto de que los contenidos puramente filos\u00f3ficos y te\u00f3ricos est\u00e1n ya impl\u00edcitos en nuestro trato cotidiano con el mundo. A menudo es com\u00fan enfrentarse a dilemas de car\u00e1cter \u00e9tico, a reflexiones de tipo epistemol\u00f3gico o a cuestiones de car\u00e1cter teol\u00f3gico o m\u00edstico en conversaciones cotidianas\u2026 <span class=\"read-more\"><a href=\"https:\/\/iestrevenque.es\/sitio\/tab-cine-y-filosofia\/\">Leer m\u00e1s &raquo;<\/a><\/span><\/p>\n","protected":false},"author":8,"featured_media":0,"parent":0,"menu_order":0,"comment_status":"closed","ping_status":"closed","template":"","meta":{"ngg_post_thumbnail":0,"jetpack_post_was_ever_published":false,"footnotes":""},"categories":[16],"tags":[],"class_list":["post-12176","page","type-page","status-publish","hentry","category-tabs-info-materias-optativas"],"jetpack_sharing_enabled":true,"jetpack_shortlink":"https:\/\/wp.me\/Pa47Ce-3ao","_links":{"self":[{"href":"https:\/\/iestrevenque.es\/sitio\/wp-json\/wp\/v2\/pages\/12176","targetHints":{"allow":["GET"]}}],"collection":[{"href":"https:\/\/iestrevenque.es\/sitio\/wp-json\/wp\/v2\/pages"}],"about":[{"href":"https:\/\/iestrevenque.es\/sitio\/wp-json\/wp\/v2\/types\/page"}],"author":[{"embeddable":true,"href":"https:\/\/iestrevenque.es\/sitio\/wp-json\/wp\/v2\/users\/8"}],"replies":[{"embeddable":true,"href":"https:\/\/iestrevenque.es\/sitio\/wp-json\/wp\/v2\/comments?post=12176"}],"version-history":[{"count":2,"href":"https:\/\/iestrevenque.es\/sitio\/wp-json\/wp\/v2\/pages\/12176\/revisions"}],"predecessor-version":[{"id":12181,"href":"https:\/\/iestrevenque.es\/sitio\/wp-json\/wp\/v2\/pages\/12176\/revisions\/12181"}],"wp:attachment":[{"href":"https:\/\/iestrevenque.es\/sitio\/wp-json\/wp\/v2\/media?parent=12176"}],"wp:term":[{"taxonomy":"category","embeddable":true,"href":"https:\/\/iestrevenque.es\/sitio\/wp-json\/wp\/v2\/categories?post=12176"},{"taxonomy":"post_tag","embeddable":true,"href":"https:\/\/iestrevenque.es\/sitio\/wp-json\/wp\/v2\/tags?post=12176"}],"curies":[{"name":"wp","href":"https:\/\/api.w.org\/{rel}","templated":true}]}}