{"id":12179,"date":"2024-06-13T10:45:34","date_gmt":"2024-06-13T10:45:34","guid":{"rendered":"https:\/\/iestrevenque.es\/sitio\/?page_id=12179"},"modified":"2024-06-13T10:53:09","modified_gmt":"2024-06-13T10:53:09","slug":"tab-delf","status":"publish","type":"page","link":"https:\/\/iestrevenque.es\/sitio\/tab-delf\/","title":{"rendered":"Tab DELF"},"content":{"rendered":"<p style=\"text-align: justify;\"><span class=\"fontstyle0\">Como bien especifica la Orden del 15 de enero 2021, el pluriling\u00fcismo es una de las se\u00f1as de identidad de la ciudadan\u00eda europea actual, caracterizada por la diversidad social y ling\u00fc\u00edstica. Tal complejidad, lejos de considerarse obst\u00e1culo para el progreso personal o profesional, se convierte en fuente de enriquecimiento intelectual y social.<\/span><\/p>\n<p style=\"text-align: justify;\"><span class=\"fontstyle0\">El objetivo principal de la materia es que el alumnado obtenga la acreditaci\u00f3n necesaria en lengua francesa para ampliar sus oportunidades:<br \/>\n<\/span><span class=\"fontstyle2\">1. En el \u00e1mbito laboral: <\/span><span class=\"fontstyle0\">El franc\u00e9s es uno de los idiomas m\u00e1s hablados en el mundo y tiene una gran influencia en los negocios, la diplomacia, el turismo y la cultura.<br \/>\n<\/span><span class=\"fontstyle2\">2. En el \u00e1mbito formativo: <\/span><span class=\"fontstyle0\">Francia (y los pa\u00edses franc\u00f3fonos) es uno de los destinos m\u00e1s solicitados por estudiantes de distintos programas internacionales como Picasso Mob o Erasmus.<br \/>\n<\/span><span class=\"fontstyle2\">3. En el \u00e1mbito de la cultura: <\/span><span class=\"fontstyle0\">La lengua francesa tiene una rica historia y es un pilar de la literatura y las artes.<br \/>\n<\/span><span class=\"fontstyle2\">4. En el \u00e1mbito del turismo: <\/span><span class=\"fontstyle0\">Francia es uno de los destinos tur\u00edsticos m\u00e1s populares del mundo, pero tambi\u00e9n hay muchos otros pa\u00edses y regiones donde se habla franc\u00e9s, como Canad\u00e1, Suiza, B\u00e9lgica, <\/span><span class=\"fontstyle0\">numerosos pa\u00edses africanos y el Caribe. Se estima que existen 351 millones de personas de habla francesa repartidas por los cinco continentes.<br \/>\n<\/span><span class=\"fontstyle2\">5. En el \u00e1mbito pol\u00edtico internacional: <\/span><span class=\"fontstyle0\">El franc\u00e9s es uno de los idiomas oficiales de organizaciones internacionales como las Naciones Unidas, la Uni\u00f3n Europea, la Cruz Roja y la UNESCO. <\/span><\/p>\n<p style=\"text-align: justify;\"><span class=\"fontstyle0\">Adem\u00e1s, tener acreditado un nivel en franc\u00e9s abrir\u00e1 puertas para participar en programas de intercambio cultural, pr\u00e1cticas laborales, becas formativas y oportunidades de voluntariado en el \u00e1mbito internacional.<br \/>\n<\/span><\/p>\n<p style=\"text-align: justify;\"><span class=\"fontstyle2\">Justificar el nivel competencial en lengua francesa es importante tambi\u00e9n, por varias razones:<br \/>\n1. Evaluaci\u00f3n objetiva: <\/span><span class=\"fontstyle0\">Justificar el nivel competencial en lengua francesa permite obtener una evaluaci\u00f3n objetiva de las habilidades ling\u00fc\u00edsticas. Esto es especialmente \u00fatil en entornos acad\u00e9micos, profesionales o de inmigraci\u00f3n, donde se requiere demostrar nivel de competencia en un idioma espec\u00edfico.<br \/>\n<\/span><span class=\"fontstyle2\">2. Reconocimiento oficial: <\/span><span class=\"fontstyle0\">La justificaci\u00f3n de nivel competencial en lengua francesa a trav\u00e9s de ex\u00e1menes reconocidos internacionalmente, como el DELF (Diploma de Estudios en Lengua Francesa) o el DALF (Diploma Avanzado de Lengua Francesa), proporciona un certificado oficial que puede ser utilizado como prueba tangible de habilidades en franc\u00e9s y ser solicitado por instituciones educativas, empleadores o autoridades gubernamentales.<br \/>\n<\/span><span class=\"fontstyle2\">3. Oportunidades acad\u00e9micas y profesionales: <\/span><span class=\"fontstyle0\">La justificaci\u00f3n del nivel competencial en lengua francesa abre puertas en el \u00e1mbito acad\u00e9mico y profesional. Por ejemplo, muchas universidades e instituciones educativas exigen pruebas de competencia en franc\u00e9s para admitir a estudiantes extranjeros en programas de estudio. Adem\u00e1s, algunos empleadores valoran los conocimientos de franc\u00e9s y pueden requerir certificados de competencia para ciertos puestos de trabajo u oportunidades de carrera.<br \/>\n<\/span><span class=\"fontstyle2\">4. Movilidad internacional: <\/span><span class=\"fontstyle0\">Demostrar un nivel competencial en lengua francesa brinda la posibilidad de una mayor movilidad internacional. Con el DELF o el DALF, se puede acceder a programas de intercambio estudiantil, becas y oportunidades de trabajo en pa\u00edses franc\u00f3fonos. Tambi\u00e9n puede facilitar la obtenci\u00f3n de visados y permisos de residencia en pa\u00edses donde el conocimiento del franc\u00e9s es un requisito.&nbsp;<br \/>\n<\/span><span class=\"fontstyle2\">5. Autoevaluaci\u00f3n y desarrollo personal: <\/span><span class=\"fontstyle0\">Justificar el nivel competencial en lengua francesa implica someterse a una evaluaci\u00f3n rigurosa y objetiva de tus habilidades ling\u00fc\u00edsticas. Esto brinda la oportunidad de realizar una autoevaluaci\u00f3n honesta y tener una idea clara de las propias fortalezas y \u00e1reas de mejora. <\/span><span class=\"fontstyle0\">Adem\u00e1s, al establecer metas y trabajar para alcanzar niveles m\u00e1s altos de competencia, se est\u00e1 en constante desarrollo personal y acad\u00e9mico.<\/span><\/p>\n","protected":false},"excerpt":{"rendered":"<p>Como bien especifica la Orden del 15 de enero 2021, el pluriling\u00fcismo es una de las se\u00f1as de identidad de la ciudadan\u00eda europea actual, caracterizada por la diversidad social y ling\u00fc\u00edstica. Tal complejidad, lejos de considerarse obst\u00e1culo para el progreso personal o profesional, se convierte en fuente de enriquecimiento intelectual y social. El objetivo principal\u2026 <span class=\"read-more\"><a href=\"https:\/\/iestrevenque.es\/sitio\/tab-delf\/\">Leer m\u00e1s &raquo;<\/a><\/span><\/p>\n","protected":false},"author":8,"featured_media":0,"parent":0,"menu_order":0,"comment_status":"closed","ping_status":"closed","template":"","meta":{"ngg_post_thumbnail":0,"jetpack_post_was_ever_published":false,"footnotes":""},"categories":[16],"tags":[],"class_list":["post-12179","page","type-page","status-publish","hentry","category-tabs-info-materias-optativas"],"jetpack_sharing_enabled":true,"jetpack_shortlink":"https:\/\/wp.me\/Pa47Ce-3ar","_links":{"self":[{"href":"https:\/\/iestrevenque.es\/sitio\/wp-json\/wp\/v2\/pages\/12179","targetHints":{"allow":["GET"]}}],"collection":[{"href":"https:\/\/iestrevenque.es\/sitio\/wp-json\/wp\/v2\/pages"}],"about":[{"href":"https:\/\/iestrevenque.es\/sitio\/wp-json\/wp\/v2\/types\/page"}],"author":[{"embeddable":true,"href":"https:\/\/iestrevenque.es\/sitio\/wp-json\/wp\/v2\/users\/8"}],"replies":[{"embeddable":true,"href":"https:\/\/iestrevenque.es\/sitio\/wp-json\/wp\/v2\/comments?post=12179"}],"version-history":[{"count":2,"href":"https:\/\/iestrevenque.es\/sitio\/wp-json\/wp\/v2\/pages\/12179\/revisions"}],"predecessor-version":[{"id":12182,"href":"https:\/\/iestrevenque.es\/sitio\/wp-json\/wp\/v2\/pages\/12179\/revisions\/12182"}],"wp:attachment":[{"href":"https:\/\/iestrevenque.es\/sitio\/wp-json\/wp\/v2\/media?parent=12179"}],"wp:term":[{"taxonomy":"category","embeddable":true,"href":"https:\/\/iestrevenque.es\/sitio\/wp-json\/wp\/v2\/categories?post=12179"},{"taxonomy":"post_tag","embeddable":true,"href":"https:\/\/iestrevenque.es\/sitio\/wp-json\/wp\/v2\/tags?post=12179"}],"curies":[{"name":"wp","href":"https:\/\/api.w.org\/{rel}","templated":true}]}}