{"id":12384,"date":"2024-06-26T11:22:07","date_gmt":"2024-06-26T11:22:07","guid":{"rendered":"https:\/\/iestrevenque.es\/sitio\/?page_id=12384"},"modified":"2024-06-26T11:22:07","modified_gmt":"2024-06-26T11:22:07","slug":"tab-cultura-del-flamenco","status":"publish","type":"page","link":"https:\/\/iestrevenque.es\/sitio\/tab-cultura-del-flamenco\/","title":{"rendered":"Tab Cultura del Flamenco"},"content":{"rendered":"<p style=\"text-align: justify;\"><strong><em>\u00bfEn qu\u00e9 consiste esta asignatura? \u00bfPor qu\u00e9 se oferta?<\/em><\/strong><\/p>\n<p style=\"text-align: justify;\"><em>Fuente (BOJA 2 junio 2023)<\/em><\/p>\n<p style=\"text-align: justify;\">El Flamenco es, sin lugar a duda, una de las manifestaciones m\u00e1s representativas de la cultura espa\u00f1ola en general y de la andaluza en particular, de ah\u00ed la importancia de su introducci\u00f3n en el sistema educativo como fuente de conocimiento y reflexi\u00f3n tanto sobre nuestro pasado como sobre el presente. Su reconocimiento internacional se consolid\u00f3 cuando fue declarado por la UNESCO Patrimonio Cultural Inmaterial de la Humanidad, poni\u00e9ndose as\u00ed de relieve la gran importancia de esta manifestaci\u00f3n art\u00edstica, resultado de la fusi\u00f3n de la m\u00fasica vocal, el arte de la danza y el acompa\u00f1amiento instrumental.<\/p>\n<p style=\"text-align: justify;\">El patrimonio cultural y art\u00edstico de Andaluc\u00eda es fruto de la inteligencia, la creatividad y la actuaci\u00f3n humanas, que han tenido un reflejo propio en las diversas sociedades y culturas que a lo largo del tiempo han dejado y dejan huella en nuestra comunidad, y su conocimiento aportar\u00e1 al alumnado herramientas necesarias para conocer sus bases sociales, culturales, art\u00edsticas e hist\u00f3ricas.<\/p>\n<p style=\"text-align: justify;\">A trav\u00e9s de esta materia se trabajar\u00e1n un total de cuatro competencias espec\u00edficas, resultantes de la concreci\u00f3n de los descriptores que se definen en el Perfil de salida del alumnado al t\u00e9rmino de la Ense\u00f1anza B\u00e1sica. Las dos primeras competencias espec\u00edficas desarrollan<strong> la recepci\u00f3n y la identidad cultural,<\/strong> la tercera <strong>contribuye a mejorar la autoexpresi\u00f3n y la creaci\u00f3n art\u00edstica<\/strong> y la cuarta est\u00e1 orientada a que el alumnado desarrolle el aprecio por la <strong>conservaci\u00f3n y difusi\u00f3n del Flamenco <\/strong>como parte fundamental de nuestro patrimonio. Esta materia contribuye as\u00ed a que el alumnado ampl\u00ede su formaci\u00f3n cultural y art\u00edstica, adquiera una visi\u00f3n m\u00e1s global del lugar que ocupa hoy en d\u00eda el Flamenco y alcance una capacidad cr\u00edtica para establecer juicios est\u00e9ticos propios sobre el mismo.<\/p>\n<p style=\"text-align: justify;\"><strong><em>\u00bfPor qu\u00e9 estudiarla?<\/em><\/strong><\/p>\n<ul>\n<li style=\"text-align: justify;\">Si me gusta hacer pr\u00e1ctica instrumental y vocal<\/li>\n<li style=\"text-align: justify;\">Para enriquecer mi formaci\u00f3n cultural y art\u00edstica, que se complementa con otras opciones posteriores human\u00edsticas, sociales y art\u00edsticas<\/li>\n<li style=\"text-align: justify;\">Si me gusta utilizar la tecnolog\u00eda en el \u00e1mbito musical: grabar, editar, componer&#8230;etc.<\/li>\n<\/ul>\n<p style=\"text-align: center;\"><a href=\"https:\/\/iestrevenque.es\/sitio\/wp-content\/uploads\/2024\/06\/Optativa-3oESO-Cultura-del-flamenco.pdf\" class=\"pdfemb-viewer\" style=\"\" data-width=\"max\" data-height=\"max\" data-mobile-width=\"500\"  data-scrollbar=\"none\" data-download=\"on\" data-tracking=\"on\" data-newwindow=\"on\" data-pagetextbox=\"off\" data-scrolltotop=\"off\" data-startzoom=\"100\" data-startfpzoom=\"100\" data-toolbar=\"both\" data-toolbar-fixed=\"on\">Optativa 3\u00baESO Cultura del flamenco<br\/><\/a><\/p>\n","protected":false},"excerpt":{"rendered":"<p>\u00bfEn qu\u00e9 consiste esta asignatura? \u00bfPor qu\u00e9 se oferta? Fuente (BOJA 2 junio 2023) El Flamenco es, sin lugar a duda, una de las manifestaciones m\u00e1s representativas de la cultura espa\u00f1ola en general y de la andaluza en particular, de ah\u00ed la importancia de su introducci\u00f3n en el sistema educativo como fuente de conocimiento y\u2026 <span class=\"read-more\"><a href=\"https:\/\/iestrevenque.es\/sitio\/tab-cultura-del-flamenco\/\">Leer m\u00e1s &raquo;<\/a><\/span><\/p>\n","protected":false},"author":8,"featured_media":0,"parent":0,"menu_order":0,"comment_status":"closed","ping_status":"closed","template":"","meta":{"ngg_post_thumbnail":0,"jetpack_post_was_ever_published":false,"footnotes":""},"categories":[16],"tags":[],"class_list":["post-12384","page","type-page","status-publish","hentry","category-tabs-info-materias-optativas"],"jetpack_sharing_enabled":true,"jetpack_shortlink":"https:\/\/wp.me\/Pa47Ce-3dK","_links":{"self":[{"href":"https:\/\/iestrevenque.es\/sitio\/wp-json\/wp\/v2\/pages\/12384","targetHints":{"allow":["GET"]}}],"collection":[{"href":"https:\/\/iestrevenque.es\/sitio\/wp-json\/wp\/v2\/pages"}],"about":[{"href":"https:\/\/iestrevenque.es\/sitio\/wp-json\/wp\/v2\/types\/page"}],"author":[{"embeddable":true,"href":"https:\/\/iestrevenque.es\/sitio\/wp-json\/wp\/v2\/users\/8"}],"replies":[{"embeddable":true,"href":"https:\/\/iestrevenque.es\/sitio\/wp-json\/wp\/v2\/comments?post=12384"}],"version-history":[{"count":1,"href":"https:\/\/iestrevenque.es\/sitio\/wp-json\/wp\/v2\/pages\/12384\/revisions"}],"predecessor-version":[{"id":12386,"href":"https:\/\/iestrevenque.es\/sitio\/wp-json\/wp\/v2\/pages\/12384\/revisions\/12386"}],"wp:attachment":[{"href":"https:\/\/iestrevenque.es\/sitio\/wp-json\/wp\/v2\/media?parent=12384"}],"wp:term":[{"taxonomy":"category","embeddable":true,"href":"https:\/\/iestrevenque.es\/sitio\/wp-json\/wp\/v2\/categories?post=12384"},{"taxonomy":"post_tag","embeddable":true,"href":"https:\/\/iestrevenque.es\/sitio\/wp-json\/wp\/v2\/tags?post=12384"}],"curies":[{"name":"wp","href":"https:\/\/api.w.org\/{rel}","templated":true}]}}