{"id":12924,"date":"2025-02-06T00:14:31","date_gmt":"2025-02-06T00:14:31","guid":{"rendered":"https:\/\/iestrevenque.es\/sitio\/?page_id=12924"},"modified":"2025-02-06T00:18:30","modified_gmt":"2025-02-06T00:18:30","slug":"abierta-2o-convocatoria-movilidades-erasmusfp-cd-2024-25","status":"publish","type":"page","link":"https:\/\/iestrevenque.es\/sitio\/abierta-2o-convocatoria-movilidades-erasmusfp-cd-2024-25\/","title":{"rendered":"Abierta 2\u00ba convocatoria movilidades ERASMUS+FP CD 2024\/25"},"content":{"rendered":"<p><img data-recalc-dims=\"1\" loading=\"lazy\" decoding=\"async\" class=\"alignnone wp-image-12927\" src=\"https:\/\/i0.wp.com\/iestrevenque.es\/sitio\/wp-content\/uploads\/2025\/02\/erasmusFP.jpeg?resize=76%2C54&#038;ssl=1\" alt=\"\" width=\"76\" height=\"54\" srcset=\"https:\/\/i0.wp.com\/iestrevenque.es\/sitio\/wp-content\/uploads\/2025\/02\/erasmusFP.jpeg?w=206&amp;ssl=1 206w, https:\/\/i0.wp.com\/iestrevenque.es\/sitio\/wp-content\/uploads\/2025\/02\/erasmusFP.jpeg?resize=200%2C140&amp;ssl=1 200w\" sizes=\"auto, (max-width: 76px) 100vw, 76px\" \/><\/p>\n<p>Bases de la convocatoria ERASMUS + \u201cNEXT STOP EUROPE 2025\u201d Movilidades de 15 d\u00edas<br \/>\npara inmersi\u00f3n laboral en Europa 2024-1-ES01-KA121-VET-000211598<\/p>\n<p>Movilidades corta duraci\u00f3n de 15 d\u00edas para ALUMNADO de 1\u00ba de FP<\/p>\n<a href=\"https:\/\/iestrevenque.es\/sitio\/wp-content\/uploads\/2025\/02\/Bases-15D-NEXT-STOP-2025.pdf\" class=\"pdfemb-viewer\" style=\"\" data-width=\"max\" data-height=\"max\" data-mobile-width=\"500\"  data-scrollbar=\"none\" data-download=\"on\" data-tracking=\"on\" data-newwindow=\"on\" data-pagetextbox=\"off\" data-scrolltotop=\"off\" data-startzoom=\"100\" data-startfpzoom=\"100\" data-toolbar=\"both\" data-toolbar-fixed=\"on\">Bases 15D NEXT STOP 2025<br\/><\/a>\n<p>Formulario inscripci\u00f3n:<\/p>\n<a href=\"https:\/\/iestrevenque.es\/sitio\/wp-content\/uploads\/2025\/02\/Formulario-Inscripcion-NEXT-STOP-CD-2025.pdf\" class=\"pdfemb-viewer\" style=\"\" data-width=\"max\" data-height=\"max\" data-mobile-width=\"500\"  data-scrollbar=\"none\" data-download=\"on\" data-tracking=\"on\" data-newwindow=\"on\" data-pagetextbox=\"off\" data-scrolltotop=\"off\" data-startzoom=\"100\" data-startfpzoom=\"100\" data-toolbar=\"both\" data-toolbar-fixed=\"on\">Formulario Inscripcion NEXT STOP CD 2025<br\/><\/a>\n<p>&nbsp;<\/p>\n<p>&nbsp;<\/p>\n","protected":false},"excerpt":{"rendered":"<p>Bases de la convocatoria ERASMUS + \u201cNEXT STOP EUROPE 2025\u201d Movilidades de 15 d\u00edas para inmersi\u00f3n laboral en Europa 2024-1-ES01-KA121-VET-000211598 Movilidades corta duraci\u00f3n de 15 d\u00edas para ALUMNADO de 1\u00ba de FP Formulario inscripci\u00f3n: &nbsp; &nbsp;<\/p>\n","protected":false},"author":9,"featured_media":0,"parent":0,"menu_order":0,"comment_status":"closed","ping_status":"closed","template":"","meta":{"ngg_post_thumbnail":0,"jetpack_post_was_ever_published":false,"footnotes":""},"categories":[24],"tags":[],"class_list":["post-12924","page","type-page","status-publish","hentry","category-erasmusfp"],"jetpack_sharing_enabled":true,"jetpack_shortlink":"https:\/\/wp.me\/Pa47Ce-3ms","_links":{"self":[{"href":"https:\/\/iestrevenque.es\/sitio\/wp-json\/wp\/v2\/pages\/12924","targetHints":{"allow":["GET"]}}],"collection":[{"href":"https:\/\/iestrevenque.es\/sitio\/wp-json\/wp\/v2\/pages"}],"about":[{"href":"https:\/\/iestrevenque.es\/sitio\/wp-json\/wp\/v2\/types\/page"}],"author":[{"embeddable":true,"href":"https:\/\/iestrevenque.es\/sitio\/wp-json\/wp\/v2\/users\/9"}],"replies":[{"embeddable":true,"href":"https:\/\/iestrevenque.es\/sitio\/wp-json\/wp\/v2\/comments?post=12924"}],"version-history":[{"count":1,"href":"https:\/\/iestrevenque.es\/sitio\/wp-json\/wp\/v2\/pages\/12924\/revisions"}],"predecessor-version":[{"id":12928,"href":"https:\/\/iestrevenque.es\/sitio\/wp-json\/wp\/v2\/pages\/12924\/revisions\/12928"}],"wp:attachment":[{"href":"https:\/\/iestrevenque.es\/sitio\/wp-json\/wp\/v2\/media?parent=12924"}],"wp:term":[{"taxonomy":"category","embeddable":true,"href":"https:\/\/iestrevenque.es\/sitio\/wp-json\/wp\/v2\/categories?post=12924"},{"taxonomy":"post_tag","embeddable":true,"href":"https:\/\/iestrevenque.es\/sitio\/wp-json\/wp\/v2\/tags?post=12924"}],"curies":[{"name":"wp","href":"https:\/\/api.w.org\/{rel}","templated":true}]}}