{"id":14339,"date":"2025-10-13T09:42:07","date_gmt":"2025-10-13T09:42:07","guid":{"rendered":"https:\/\/iestrevenque.es\/sitio\/?page_id=14339"},"modified":"2025-10-13T10:20:40","modified_gmt":"2025-10-13T10:20:40","slug":"departamento-orientacion-educativa","status":"publish","type":"page","link":"https:\/\/iestrevenque.es\/sitio\/departamento-orientacion-educativa\/","title":{"rendered":"Departamento Orientaci\u00f3n Educativa"},"content":{"rendered":"<p>Jefa de Departamento: D\u00aa. Mar\u00eda Fernandez Perona<br \/>\nEmail: mferper595m@g.educaand.es<br \/>\n<iframe loading=\"lazy\" src=\"https:\/\/comunica.iestrevenque.es\/mods\/mod_documents\/dir\/2.DPTOS\/ORI\/\" name=\"ventana_iframe\" width=\"550\" height=\"200\" frameborder=\"0\" marginwidth=\"0\" marginheight=\"0\" scrolling=\"no\"><\/iframe><\/p>\n<ol>\n<li><a href=\"https:\/\/elorienta.com\/trevenque\/\" target=\"_blank\" rel=\"noopener\">Web de apoyo al Departamento de Orientaci\u00f3n IES Trevenque.<\/a><\/li>\n<li><a href=\"https:\/\/elorienta.com\/movil\/\/?yafxb=21096\" target=\"_blank\" rel=\"noopener\">Programa Orienta (OrientaLine) IES Trevenque.<\/a><\/li>\n<li><a href=\"https:\/\/iestrevenque.es\/sitio\/wp-content\/uploads\/2020\/03\/DecalogoUsoWhatsAppFamilias.png\" target=\"_blank\" rel=\"noopener\">Dec\u00e1logo del BUEN USO Grupos de Whatsapp de padres y madres.<\/a><\/li>\n<li><a href=\"https:\/\/www.symbaloo.com\/home\/mix\/orientaciongranada-aovp\" target=\"_blank\" rel=\"noopener\">Recursos para la Orientaci\u00f3n Acad\u00e9mica y Profesional<\/a>&nbsp; <span style=\"font-size: 10pt;\">(\u00c1rea de Orientaci\u00f3n Vocacional y Profesional del Equipo T\u00e9cnico Provincial para la Orientaci\u00f3n Educativa y Profesional de Granada).<\/span><\/li>\n<li><a href=\"https:\/\/www.symbaloo.com\/home\/mix\/recursosacciontutorial\" target=\"_blank\" rel=\"noopener\"><span style=\"text-decoration: underline;\">Recursos para la Acci\u00f3n Tutorial y Convivencia<\/span><\/a><span style=\"font-size: 10pt;\">&nbsp; (Por Carmen L\u00f3pez &nbsp;Hern\u00e1ndez desde el \u00c1rea de Acci\u00f3n Tutorial de la Delegaci\u00f3n Territorial de Educaci\u00f3n, Cultura y Deporte).<\/span><\/li>\n<\/ol>\n","protected":false},"excerpt":{"rendered":"<p>Jefa de Departamento: D\u00aa. Mar\u00eda Fernandez Perona Email: mferper595m@g.educaand.es Web de apoyo al Departamento de Orientaci\u00f3n IES Trevenque. Programa Orienta (OrientaLine) IES Trevenque. Dec\u00e1logo del BUEN USO Grupos de Whatsapp de padres y madres. Recursos para la Orientaci\u00f3n Acad\u00e9mica y Profesional&nbsp; (\u00c1rea de Orientaci\u00f3n Vocacional y Profesional del Equipo T\u00e9cnico Provincial para la Orientaci\u00f3n Educativa\u2026 <span class=\"read-more\"><a href=\"https:\/\/iestrevenque.es\/sitio\/departamento-orientacion-educativa\/\">Leer m\u00e1s &raquo;<\/a><\/span><\/p>\n","protected":false},"author":9,"featured_media":0,"parent":0,"menu_order":0,"comment_status":"closed","ping_status":"closed","template":"","meta":{"ngg_post_thumbnail":0,"jetpack_post_was_ever_published":false,"footnotes":""},"categories":[8],"tags":[],"class_list":["post-14339","page","type-page","status-publish","hentry","category-administracion"],"jetpack_sharing_enabled":true,"jetpack_shortlink":"https:\/\/wp.me\/Pa47Ce-3Jh","_links":{"self":[{"href":"https:\/\/iestrevenque.es\/sitio\/wp-json\/wp\/v2\/pages\/14339","targetHints":{"allow":["GET"]}}],"collection":[{"href":"https:\/\/iestrevenque.es\/sitio\/wp-json\/wp\/v2\/pages"}],"about":[{"href":"https:\/\/iestrevenque.es\/sitio\/wp-json\/wp\/v2\/types\/page"}],"author":[{"embeddable":true,"href":"https:\/\/iestrevenque.es\/sitio\/wp-json\/wp\/v2\/users\/9"}],"replies":[{"embeddable":true,"href":"https:\/\/iestrevenque.es\/sitio\/wp-json\/wp\/v2\/comments?post=14339"}],"version-history":[{"count":5,"href":"https:\/\/iestrevenque.es\/sitio\/wp-json\/wp\/v2\/pages\/14339\/revisions"}],"predecessor-version":[{"id":14347,"href":"https:\/\/iestrevenque.es\/sitio\/wp-json\/wp\/v2\/pages\/14339\/revisions\/14347"}],"wp:attachment":[{"href":"https:\/\/iestrevenque.es\/sitio\/wp-json\/wp\/v2\/media?parent=14339"}],"wp:term":[{"taxonomy":"category","embeddable":true,"href":"https:\/\/iestrevenque.es\/sitio\/wp-json\/wp\/v2\/categories?post=14339"},{"taxonomy":"post_tag","embeddable":true,"href":"https:\/\/iestrevenque.es\/sitio\/wp-json\/wp\/v2\/tags?post=14339"}],"curies":[{"name":"wp","href":"https:\/\/api.w.org\/{rel}","templated":true}]}}