{"id":2561,"date":"2019-06-05T22:07:40","date_gmt":"2019-06-05T22:07:40","guid":{"rendered":"http:\/\/iestrevenque.es\/sitio\/?page_id=2561"},"modified":"2020-06-30T19:46:22","modified_gmt":"2020-06-30T19:46:22","slug":"secretaria","status":"publish","type":"page","link":"https:\/\/iestrevenque.es\/sitio\/secretaria\/","title":{"rendered":"Secretar\u00eda"},"content":{"rendered":"<ul>\n<li><strong>Horario<\/strong> de atenci\u00f3n al p\u00fablico: de lunes a viernes de 9:30 a 13:30 horas<\/li>\n<li><b>Tel\u00e9fono:<\/b> 958893657 \/ 671599263 &nbsp; &nbsp; <b>Tel\u00e9fono corp:<\/b>&nbsp;190657&nbsp;&nbsp;<b>Fax:<\/b>&nbsp;958893663<\/li>\n<li><strong>Email:<\/strong> 18700244.edu@juntadeandalucia.es<\/li>\n<\/ul>\n<p><a href=\"https:\/\/iestrevenque.es\/sitio\/matricula\/\"><img data-recalc-dims=\"1\" loading=\"lazy\" decoding=\"async\" class=\"size-full wp-image-2899 alignleft\" src=\"https:\/\/i0.wp.com\/iestrevenque.es\/sitio\/wp-content\/uploads\/2019\/06\/Matricula.jpg?resize=250%2C125&#038;ssl=1\" alt=\"\" width=\"250\" height=\"125\"><\/a><\/p>\n<p>&nbsp;<\/p>\n<p>&nbsp;<\/p>\n<div class=\"osc-res-tab tabbable   osc-tabs-left\"><div style=\"clear:both;width: 100%;\"><ul class=\"nav osc-res-nav nav-pills osc-tabs-left-ul\" id=\"oscitas-restabs-1-secretaria-48085\"><li class=\"active\"><a href=\"#ert_pane1-0\" data-toggle=\"tab\">Becas y Ayudas<\/a><\/li><li class=\"\"><a href=\"#ert_pane1-1\" data-toggle=\"tab\">Escolarizaci\u00f3n<\/a><\/li><\/ul><\/div><div style=\"clear:both;width: 100%;\"><ul class=\"tab-content\" id=\"oscitas-restabcontent-1-secretaria-48085\"><li class=\"tab-pane active\" id=\"ert_pane1-0\"><span style=\"text-decoration: underline;\"><strong>Consejer\u00eda de Educaci\u00f3n y Deporte.<br \/>\n<\/strong><\/span>&nbsp; &nbsp;&#8211;<a href=\"http:\/\/www.juntadeandalucia.es\/educacion\/portals\/web\/becas-y-ayudas\" target=\"_blank\" rel=\"noopener noreferrer\">Novedades<\/a><br \/>\n&nbsp; &nbsp;&#8211;<a href=\"http:\/\/www.juntadeandalucia.es\/educacion\/portals\/web\/becas-y-ayudas\/convocatoria-general\" target=\"_blank\" rel=\"noopener noreferrer\">Informaci\u00f3n General<\/a>: convocatorias, solicitudes&#8230;<\/p>\n<p><\/li><li class=\"tab-pane \" id=\"ert_pane1-1\">-Toda la informaci\u00f3n sobre el proceso de escolarizaci\u00f3n en el <a href=\"http:\/\/www.juntadeandalucia.es\/educacion\/portals\/web\/escolarizacion\" target=\"_blank\" rel=\"noopener noreferrer\">Portal de Escolarizaci\u00f3n de la Junta de Andaluc\u00eda.<\/a><br \/>\n&#8211;<a href=\"http:\/\/www.juntadeandalucia.es\/educacion\/portals\/web\/escolarizacion\/infantil-a-bachillerato\/preguntas-frecuentes\" target=\"_blank\" rel=\"noopener noreferrer\">Preguntas frecuentes sobre normativa y requisitos<\/a><br \/>\n<img data-recalc-dims=\"1\" loading=\"lazy\" decoding=\"async\" class=\"alignleft size-thumbnail wp-image-3208\" src=\"https:\/\/i0.wp.com\/iestrevenque.es\/sitio\/wp-content\/uploads\/2019\/08\/baremoescola.png?resize=150%2C103&#038;ssl=1\" alt=\"\" width=\"150\" height=\"103\"><\/p>\n<p><a href=\"http:\/\/www.juntadeandalucia.es\/educacion\/educasig\/escolarizacion\/?delegacion=18\" target=\"_blank\" rel=\"noopener noreferrer\">Autobaremo puntuaci\u00f3n por domicilio para la escolarizaci\u00f3n<\/a>&nbsp;<\/p>\n<p>&nbsp;<\/p>\n<p><\/li><\/ul><\/div><\/div>\n","protected":false},"excerpt":{"rendered":"<p>Horario de atenci\u00f3n al p\u00fablico: de lunes a viernes de 9:30 a 13:30 horas Tel\u00e9fono: 958893657 \/ 671599263 &nbsp; &nbsp; Tel\u00e9fono corp:&nbsp;190657&nbsp;&nbsp;Fax:&nbsp;958893663 Email: 18700244.edu@juntadeandalucia.es &nbsp; &nbsp;<\/p>\n","protected":false},"author":8,"featured_media":0,"parent":0,"menu_order":0,"comment_status":"closed","ping_status":"closed","template":"","meta":{"ngg_post_thumbnail":0,"jetpack_post_was_ever_published":false,"footnotes":""},"categories":[8],"tags":[],"class_list":["post-2561","page","type-page","status-publish","hentry","category-administracion"],"jetpack_sharing_enabled":true,"jetpack_shortlink":"https:\/\/wp.me\/Pa47Ce-Fj","_links":{"self":[{"href":"https:\/\/iestrevenque.es\/sitio\/wp-json\/wp\/v2\/pages\/2561","targetHints":{"allow":["GET"]}}],"collection":[{"href":"https:\/\/iestrevenque.es\/sitio\/wp-json\/wp\/v2\/pages"}],"about":[{"href":"https:\/\/iestrevenque.es\/sitio\/wp-json\/wp\/v2\/types\/page"}],"author":[{"embeddable":true,"href":"https:\/\/iestrevenque.es\/sitio\/wp-json\/wp\/v2\/users\/8"}],"replies":[{"embeddable":true,"href":"https:\/\/iestrevenque.es\/sitio\/wp-json\/wp\/v2\/comments?post=2561"}],"version-history":[{"count":22,"href":"https:\/\/iestrevenque.es\/sitio\/wp-json\/wp\/v2\/pages\/2561\/revisions"}],"predecessor-version":[{"id":4957,"href":"https:\/\/iestrevenque.es\/sitio\/wp-json\/wp\/v2\/pages\/2561\/revisions\/4957"}],"wp:attachment":[{"href":"https:\/\/iestrevenque.es\/sitio\/wp-json\/wp\/v2\/media?parent=2561"}],"wp:term":[{"taxonomy":"category","embeddable":true,"href":"https:\/\/iestrevenque.es\/sitio\/wp-json\/wp\/v2\/categories?post=2561"},{"taxonomy":"post_tag","embeddable":true,"href":"https:\/\/iestrevenque.es\/sitio\/wp-json\/wp\/v2\/tags?post=2561"}],"curies":[{"name":"wp","href":"https:\/\/api.w.org\/{rel}","templated":true}]}}