{"id":2835,"date":"2019-06-18T09:32:00","date_gmt":"2019-06-18T09:32:00","guid":{"rendered":"http:\/\/iestrevenque.es\/sitio\/?page_id=2835"},"modified":"2019-06-18T09:33:32","modified_gmt":"2019-06-18T09:33:32","slug":"tab-matematicas-academicas","status":"publish","type":"page","link":"https:\/\/iestrevenque.es\/sitio\/tab-matematicas-academicas\/","title":{"rendered":"Tab Matem\u00e1ticas Acad\u00e9micas"},"content":{"rendered":"<p style=\"text-align: justify;\">Las Matem\u00e1ticas Orientadas a las Ense\u00f1anzas Acad\u00e9micas tiene un marcado car\u00e1cter proped\u00e9utico para el alumnado que tiene intenci\u00f3n de acceder al Bachillerato.<\/p>\n<p style=\"text-align: justify;\">En la sociedad actual y con el auge tecnol\u00f3gico es preciso un mayor dominio de conocimientos, ideas y estrategias matem\u00e1ticas tanto dentro de los distintos \u00e1mbitos profesionales como en la vida cotidiana, por esto las Matem\u00e1ticas Orientadas a las Ense\u00f1anzas Acad\u00e9micas proporcionar\u00e1n a los alumnos y alumnas un marco de habilidades, herramientas y aptitudes que les ser\u00e1n de utilidad para desenvolverse con soltura en la resoluci\u00f3n de problemas que le pueden surgir en distintas situaciones, para comprender otras \u00e1reas del saber y para sus estudios posteriores. As\u00ed, la materia cumple un doble papel, formativo e instrumental, facilitando la mejora de la estructuraci\u00f3n mental, de pensamiento y adquisici\u00f3n de actitudes propias de las Matem\u00e1ticas y aportando estrategias y procedimientos b\u00e1sicos para otras disciplinas.<\/p>\n<p style=\"text-align: justify;\">La presencia, influencia e importancia de las matem\u00e1ticas en la vida cotidiana ha ido en constante crecimiento debido al aumento de sus aplicaciones. Su utilidad y empleo se extienden a casi todas las actividades humanas, no obstante, la m\u00e1s antigua de sus aplicaciones est\u00e1 en las Ciencias de la Naturaleza, especialmente, en la F\u00edsica. En la actualidad, gracias al avance tecnol\u00f3gico, a las t\u00e9cnicas de an\u00e1lisis num\u00e9rico y uso de la estad\u00edstica es posible el dise\u00f1o y aplicaci\u00f3n de modelos matem\u00e1ticos para abordar problemas complejos como los que se presentan en la Biolog\u00eda o las Ciencias Sociales (Sociolog\u00eda, Econom\u00eda), dotando de m\u00e9todos cuantitativos indiscutibles a cualquier rama del conocimiento humano que desee alcanzar un alto grado de precisi\u00f3n en sus predicciones. La informaci\u00f3n que diariamente se recibe tiene cada vez mayor volumen de datos cuantificados como \u00edndice de precios, tasa de paro, porcentaje, encuestas o predicciones. En este sentido, puede decirse que todo se matematiza.<\/p>\n<p style=\"text-align: justify;\">Conforme a lo expuesto, las Matem\u00e1ticas tienen un car\u00e1cter instrumental e interdisciplinar ya que se relacionan con casi todos los campos de la realidad, no solo en la parte cient\u00edfico-tecnol\u00f3gica, como las Ciencias de la Naturaleza, F\u00edsica, Qu\u00edmica, Ingenier\u00eda, Medicina, Inform\u00e1tica, sino tambi\u00e9n con otras disciplinas que supuestamente no est\u00e1n asociadas a ellas como las Ciencias Sociales, la M\u00fasica, los juegos, la poes\u00eda o la pol\u00edtica. La esencia interdisciplinar de la materia tiene un origen remoto ya que los pitag\u00f3ricos descubrieron la presencia de razones aritm\u00e9ticas en la armon\u00eda musical. Los pintores renacentistas se plantearon el problema de la perspectiva en los paisajes, lo que m\u00e1s tarde dio lugar a una nueva geometr\u00eda. La b\u00fasqueda de las proporciones m\u00e1s est\u00e9ticas en pintura, escultura y arquitectura es otra constante que arranca en la Antig\u00fcedad Cl\u00e1sica y llega hasta nuestros d\u00edas. Otros exponentes de la fuerte influencia matem\u00e1tica en el arte dentro de la cultura andaluza son, por ejemplo, el arte nazar\u00ed de La Alhambra de Granada y el arte mud\u00e9jar en el Real Alc\u00e1zar de Sevilla.<\/p>\n<p style=\"text-align: justify;\">La materia de Matem\u00e1ticas contribuye especialmente al desarrollo de la competencia matem\u00e1tica (CMCT), reconocida y considerada clave por la Uni\u00f3n Europea, as\u00ed como a la formaci\u00f3n intelectual del alumnado, lo que le permitir\u00e1 desenvolverse mejor tanto en el \u00e1mbito personal como social. La habilidad de formular, plantear, interpretar y resolver problemas es una de las capacidades esenciales de la actividad matem\u00e1tica, ya que permite a las personas emplear los procesos cognitivos para abordar y resolver situaciones interdisciplinares reales, lo que resulta del m\u00e1ximo inter\u00e9s para el desarrollo de la creatividad y el pensamiento l\u00f3gico.<\/p>\n","protected":false},"excerpt":{"rendered":"<p>Las Matem\u00e1ticas Orientadas a las Ense\u00f1anzas Acad\u00e9micas tiene un marcado car\u00e1cter proped\u00e9utico para el alumnado que tiene intenci\u00f3n de acceder al Bachillerato. En la sociedad actual y con el auge tecnol\u00f3gico es preciso un mayor dominio de conocimientos, ideas y estrategias matem\u00e1ticas tanto dentro de los distintos \u00e1mbitos profesionales como en la vida cotidiana, por\u2026 <span class=\"read-more\"><a href=\"https:\/\/iestrevenque.es\/sitio\/tab-matematicas-academicas\/\">Leer m\u00e1s &raquo;<\/a><\/span><\/p>\n","protected":false},"author":8,"featured_media":0,"parent":0,"menu_order":0,"comment_status":"closed","ping_status":"closed","template":"","meta":{"ngg_post_thumbnail":0,"jetpack_post_was_ever_published":false,"footnotes":""},"categories":[16],"tags":[],"class_list":["post-2835","page","type-page","status-publish","hentry","category-tabs-info-materias-optativas"],"jetpack_sharing_enabled":true,"jetpack_shortlink":"https:\/\/wp.me\/Pa47Ce-JJ","_links":{"self":[{"href":"https:\/\/iestrevenque.es\/sitio\/wp-json\/wp\/v2\/pages\/2835","targetHints":{"allow":["GET"]}}],"collection":[{"href":"https:\/\/iestrevenque.es\/sitio\/wp-json\/wp\/v2\/pages"}],"about":[{"href":"https:\/\/iestrevenque.es\/sitio\/wp-json\/wp\/v2\/types\/page"}],"author":[{"embeddable":true,"href":"https:\/\/iestrevenque.es\/sitio\/wp-json\/wp\/v2\/users\/8"}],"replies":[{"embeddable":true,"href":"https:\/\/iestrevenque.es\/sitio\/wp-json\/wp\/v2\/comments?post=2835"}],"version-history":[{"count":2,"href":"https:\/\/iestrevenque.es\/sitio\/wp-json\/wp\/v2\/pages\/2835\/revisions"}],"predecessor-version":[{"id":2839,"href":"https:\/\/iestrevenque.es\/sitio\/wp-json\/wp\/v2\/pages\/2835\/revisions\/2839"}],"wp:attachment":[{"href":"https:\/\/iestrevenque.es\/sitio\/wp-json\/wp\/v2\/media?parent=2835"}],"wp:term":[{"taxonomy":"category","embeddable":true,"href":"https:\/\/iestrevenque.es\/sitio\/wp-json\/wp\/v2\/categories?post=2835"},{"taxonomy":"post_tag","embeddable":true,"href":"https:\/\/iestrevenque.es\/sitio\/wp-json\/wp\/v2\/tags?post=2835"}],"curies":[{"name":"wp","href":"https:\/\/api.w.org\/{rel}","templated":true}]}}