{"id":286,"date":"2018-08-13T16:49:10","date_gmt":"2018-08-13T16:49:10","guid":{"rendered":"http:\/\/iestrevenque.es\/sitio\/?page_id=286"},"modified":"2025-11-12T22:31:09","modified_gmt":"2025-11-12T22:31:09","slug":"departamentos","status":"publish","type":"page","link":"https:\/\/iestrevenque.es\/sitio\/departamentos\/","title":{"rendered":"Departamentos"},"content":{"rendered":"<p>Informaci\u00f3n relativa a los DEPARTAMENTOS DID\u00c1CTICOS:<br \/>\n&nbsp; &nbsp; &nbsp;&#8211; Puestos y especialidades.<br \/>\n&nbsp; &nbsp; &nbsp;&#8211; Jefes\/as de Departamento.<br \/>\n&nbsp; &nbsp; &nbsp;&#8211; Correos electr\u00f3nicos.<br \/>\n&nbsp; &nbsp; &nbsp;&#8211; Consulta Criterios de Evaluaci\u00f3n-Calificaci\u00f3n, curr\u00edculo establecido y otros documentos.<br \/>\n<img data-recalc-dims=\"1\" loading=\"lazy\" decoding=\"async\" class=\"alignnone wp-image-14295\" src=\"https:\/\/i0.wp.com\/iestrevenque.es\/sitio\/wp-content\/uploads\/2025\/09\/Puestos2526.png?resize=665%2C356&#038;ssl=1\" alt=\"\" width=\"665\" height=\"356\" srcset=\"https:\/\/i0.wp.com\/iestrevenque.es\/sitio\/wp-content\/uploads\/2025\/09\/Puestos2526.png?w=997&amp;ssl=1 997w, https:\/\/i0.wp.com\/iestrevenque.es\/sitio\/wp-content\/uploads\/2025\/09\/Puestos2526.png?resize=300%2C161&amp;ssl=1 300w, https:\/\/i0.wp.com\/iestrevenque.es\/sitio\/wp-content\/uploads\/2025\/09\/Puestos2526.png?resize=768%2C411&amp;ssl=1 768w, https:\/\/i0.wp.com\/iestrevenque.es\/sitio\/wp-content\/uploads\/2025\/09\/Puestos2526.png?resize=660%2C354&amp;ssl=1 660w\" sizes=\"auto, (max-width: 665px) 100vw, 665px\" \/><\/p>\n<ul>\n<li><a href=\"https:\/\/drive.google.com\/drive\/folders\/15YpE3_KCnd4zoEeS1LldF2eJw_A8zgP_?usp=sharing\" target=\"_blank\" rel=\"noopener\"><strong>Acceso a CRITERIOS de EVALUACI\u00d3N y CALIFICACI\u00d3N C. 2025\/26<\/strong><\/a><\/li>\n<\/ul>\n<div class=\"osc-res-tab tabbable   osc-tabs-left\"><div style=\"clear:both;width: 100%;\"><ul class=\"nav osc-res-nav nav-pills osc-tabs-left-ul\" id=\"oscitas-restabs-1-departamentos-38341\"><li class=\"active\"><a href=\"#ert_pane1-0\" data-toggle=\"tab\">ByG<\/a><\/li><li class=\"\"><a href=\"#ert_pane1-1\" data-toggle=\"tab\">ECO<\/a><\/li><li class=\"\"><a href=\"#ert_pane1-2\" data-toggle=\"tab\">EF<\/a><\/li><li class=\"\"><a href=\"#ert_pane1-3\" data-toggle=\"tab\">EPVA<\/a><\/li><li class=\"\"><a href=\"#ert_pane1-4\" data-toggle=\"tab\">FIL<\/a><\/li><li class=\"\"><a href=\"#ert_pane1-5\" data-toggle=\"tab\">FR<\/a><\/li><li class=\"\"><a href=\"#ert_pane1-6\" data-toggle=\"tab\">FyQ<\/a><\/li><li class=\"\"><a href=\"#ert_pane1-7\" data-toggle=\"tab\">GeH<\/a><\/li><li class=\"\"><a href=\"#ert_pane1-8\" data-toggle=\"tab\">ING<\/a><\/li><li class=\"\"><a href=\"#ert_pane1-9\" data-toggle=\"tab\">CLA<\/a><\/li><li class=\"\"><a href=\"#ert_pane1-10\" data-toggle=\"tab\">LCyL<\/a><\/li><li class=\"\"><a href=\"#ert_pane1-11\" data-toggle=\"tab\">MAT<\/a><\/li><li class=\"\"><a href=\"#ert_pane1-12\" data-toggle=\"tab\">MUS<\/a><\/li><li class=\"\"><a href=\"#ert_pane1-13\" data-toggle=\"tab\">REL<\/a><\/li><li class=\"\"><a href=\"#ert_pane1-14\" data-toggle=\"tab\">TEC-TIC<\/a><\/li><li class=\"\"><a href=\"#ert_pane1-15\" data-toggle=\"tab\">Ciclo TECO<\/a><\/li><li class=\"\"><a href=\"#ert_pane1-16\" data-toggle=\"tab\">ACE <\/a><\/li><li class=\"\"><a href=\"#ert_pane1-17\" data-toggle=\"tab\">FEIE<\/a><\/li><\/ul><\/div><div style=\"clear:both;width: 100%;\"><ul class=\"tab-content\" id=\"oscitas-restabcontent-1-departamentos-38341\"><li class=\"tab-pane active\" id=\"ert_pane1-0\"><strong><span style=\"text-decoration: underline;\">Biolog\u00eda y Geolog\u00eda<\/span><\/strong><br \/>\nJefa de Departamento: D\u00aa. Inmaculada Garrido Carrillo<br \/>\nEmail: igarcar342@g.educaand.es<br \/>\nConsulta Curr\u00edculo establecido. <a href=\"https:\/\/iestrevenque.es\/curriculo\" target=\"_blank\" rel=\"noopener noreferrer\">Referentes de Evaluaci\u00f3n de las Materias<\/a>&nbsp;<br \/>\n<iframe loading=\"lazy\" src=\"https:\/\/comunica.iestrevenque.es\/mods\/mod_documents\/dir\/2.DPTOS\/ByG\/\" name=\"ventana_iframe\" width=\"550\" height=\"300\" frameborder=\"0\" marginwidth=\"0\" marginheight=\"0\" scrolling=\"no\"><\/iframe><br \/><\/li><li class=\"tab-pane \" id=\"ert_pane1-1\"><strong><span style=\"text-decoration: underline;\">Econom\u00eda y FOL<\/span><\/strong><br \/>\nJefa de Departamento: D\u00aa. Mar\u00eda Paz D\u00edaz Barrero<br \/>\nEmail: mdiabar125@g.educaand.es<br \/>\nConsulta Curr\u00edculo establecido. <a href=\"https:\/\/iestrevenque.es\/curriculo\" target=\"_blank\" rel=\"noopener noreferrer\">Referentes de Evaluaci\u00f3n de las Materias<\/a>&nbsp;<br \/>\n<iframe loading=\"lazy\" src=\"https:\/\/comunica.iestrevenque.es\/mods\/mod_documents\/dir\/2.DPTOS\/ECO\/\" name=\"ventana_iframe\" width=\"550\" height=\"300\" frameborder=\"0\" marginwidth=\"0\" marginheight=\"0\" scrolling=\"no\"><\/iframe><br \/><\/li><li class=\"tab-pane \" id=\"ert_pane1-2\"><strong><span style=\"text-decoration: underline;\">Educaci\u00f3n F\u00edsica<\/span><\/strong><br \/>\nJefe de Departamento: D. Jorge Garrido Jim\u00e9nez<br \/>\nEmail: jgarjim432@g.educaand.es<br \/>\nConsulta Curr\u00edculo establecido. <a href=\"https:\/\/iestrevenque.es\/curriculo\" target=\"_blank\" rel=\"noopener noreferrer\">Referentes de Evaluaci\u00f3n de las Materias<\/a>&nbsp;<br \/>\n<iframe loading=\"lazy\" src=\"https:\/\/comunica.iestrevenque.es\/mods\/mod_documents\/dir\/2.DPTOS\/EF\/\" name=\"ventana_iframe\" width=\"550\" height=\"200\" frameborder=\"0\" marginwidth=\"0\" marginheight=\"0\" scrolling=\"no\"><\/iframe><br \/><\/li><li class=\"tab-pane \" id=\"ert_pane1-3\"><strong><span style=\"text-decoration: underline;\">Dibujo:&nbsp;<\/span><span style=\"text-decoration: underline;\">Expresi\u00f3n Pl\u00e1stica, Visual y Audiovisual<\/span><\/strong><br \/>\nJefa de Departamento: D\u00aa. Mercedes Pe\u00f1a Ruiz<br \/>\nEmail: mpenrui860@g.educaand.es<br \/>\nConsulta Curr\u00edculo establecido. <a href=\"https:\/\/iestrevenque.es\/curriculo\" target=\"_blank\" rel=\"noopener noreferrer\">Referentes de Evaluaci\u00f3n de las Materias<\/a>&nbsp;<br \/>\n<iframe loading=\"lazy\" src=\"https:\/\/comunica.iestrevenque.es\/mods\/mod_documents\/dir\/2.DPTOS\/EPVA\/\" name=\"ventana_iframe\" width=\"550\" height=\"200\" frameborder=\"0\" marginwidth=\"0\" marginheight=\"0\" scrolling=\"no\"><\/iframe><br \/><\/li><li class=\"tab-pane \" id=\"ert_pane1-4\"><strong><span style=\"text-decoration: underline;\">Filosof\u00eda<\/span><\/strong><br \/>\nJefe de Departamento: D. Sergio Rodr\u00edguez L\u00f3pez<br \/>\nEmail: srodlop451z@g.educaand.es<br \/>\nConsulta Curr\u00edculo establecido. <a href=\"https:\/\/iestrevenque.es\/curriculo\" target=\"_blank\" rel=\"noopener noreferrer\">Referentes de Evaluaci\u00f3n de las Materias<\/a>&nbsp;<br \/>\n<iframe loading=\"lazy\" src=\"https:\/\/comunica.iestrevenque.es\/mods\/mod_documents\/dir\/2.DPTOS\/FIL\/\" name=\"ventana_iframe\" width=\"550\" height=\"300\" frameborder=\"0\" marginwidth=\"0\" marginheight=\"0\" scrolling=\"no\"><\/iframe><br \/><\/li><li class=\"tab-pane \" id=\"ert_pane1-5\"><strong><span style=\"text-decoration: underline;\">Franc\u00e9s<\/span><\/strong><br \/>\nJefa de Departamento: D\u00aa. Ana Zapata Navarro<br \/>\nEmail: azapnav251@g.educaand.es<br \/>\nConsulta Curr\u00edculo establecido. <a href=\"https:\/\/iestrevenque.es\/curriculo\" target=\"_blank\" rel=\"noopener noreferrer\">Referentes de Evaluaci\u00f3n de las Materias<\/a>&nbsp;<br \/>\n<iframe loading=\"lazy\" src=\"https:\/\/comunica.iestrevenque.es\/mods\/mod_documents\/dir\/2.DPTOS\/FR\/\" name=\"ventana_iframe\" width=\"550\" height=\"200\" frameborder=\"0\" marginwidth=\"0\" marginheight=\"0\" scrolling=\"no\"><\/iframe><br \/><\/li><li class=\"tab-pane \" id=\"ert_pane1-6\"><strong><span style=\"text-decoration: underline;\">F\u00edsica y Qu\u00edmica<\/span><\/strong><br \/>\nJefa de Departamento: D\u00aa. Mar\u00eda Luisa Pel\u00e1ez Cervantes<br \/>\nEmail: mpelcer508@g.educaand.es<br \/>\nConsulta Curr\u00edculo establecido. <a href=\"https:\/\/iestrevenque.es\/curriculo\" target=\"_blank\" rel=\"noopener noreferrer\">Referentes de Evaluaci\u00f3n de las Materias<\/a>&nbsp;<br \/>\n<iframe loading=\"lazy\" src=\"https:\/\/comunica.iestrevenque.es\/mods\/mod_documents\/dir\/2.DPTOS\/FyQ\/\" name=\"ventana_iframe\" width=\"550\" height=\"200\" frameborder=\"0\" marginwidth=\"0\" marginheight=\"0\" scrolling=\"no\"><\/iframe><br \/><\/li><li class=\"tab-pane \" id=\"ert_pane1-7\"><strong><span style=\"text-decoration: underline;\">Geograf\u00eda e Historia<\/span><\/strong><br \/>\nJefe de Departamento: D. Jairo Molina Montes<br \/>\nEmail: jmolmon548@g.educaand.es<br \/>\nConsulta Curr\u00edculo establecido. <a href=\"https:\/\/iestrevenque.es\/curriculo\" target=\"_blank\" rel=\"noopener noreferrer\">Referentes de Evaluaci\u00f3n de las Materias<\/a>&nbsp;<br \/>\n<iframe loading=\"lazy\" src=\"https:\/\/comunica.iestrevenque.es\/mods\/mod_documents\/dir\/2.DPTOS\/GeH\/\" name=\"ventana_iframe\" width=\"550\" height=\"200\" frameborder=\"0\" marginwidth=\"0\" marginheight=\"0\" scrolling=\"no\"><\/iframe><br \/><\/li><li class=\"tab-pane \" id=\"ert_pane1-8\"><span style=\"text-decoration: underline;\"><strong>Ingl\u00e9s<\/strong><\/span><br \/>\nJefa de Departamento: D\u00aa. Mercedes Castro Fern\u00e1ndez<br \/>\nEmail: mcasfer490@g.educaand.es<br \/>\nConsulta Curr\u00edculo establecido. <a href=\"https:\/\/iestrevenque.es\/curriculo\" target=\"_blank\" rel=\"noopener noreferrer\">Referentes de Evaluaci\u00f3n de las Materias<\/a>&nbsp;<br \/>\n<iframe loading=\"lazy\" src=\"https:\/\/comunica.iestrevenque.es\/mods\/mod_documents\/dir\/2.DPTOS\/ING\/\" name=\"ventana_iframe\" width=\"550\" height=\"200\" frameborder=\"0\" marginwidth=\"0\" marginheight=\"0\" scrolling=\"no\"><\/iframe><br \/><\/li><li class=\"tab-pane \" id=\"ert_pane1-9\"><strong><span style=\"text-decoration: underline;\">Cl\u00e1sicas: Lat\u00edn y Griego<\/span><\/strong><br \/>\nJefa de Departamento: D\u00aa. Mar\u00eda Angustias Garc\u00eda Morales<br \/>\nEmail: mgarmor048@g.educaand.es<br \/>\nConsulta Curr\u00edculo establecido. <a href=\"https:\/\/iestrevenque.es\/curriculo\" target=\"_blank\" rel=\"noopener noreferrer\">Referentes de Evaluaci\u00f3n de las Materias<\/a>&nbsp;<br \/>\n<iframe loading=\"lazy\" src=\"https:\/\/comunica.iestrevenque.es\/mods\/mod_documents\/dir\/2.DPTOS\/CLA\/\" name=\"ventana_iframe\" width=\"550\" height=\"200\" frameborder=\"0\" marginwidth=\"0\" marginheight=\"0\" scrolling=\"no\"><\/iframe><br \/><\/li><li class=\"tab-pane \" id=\"ert_pane1-10\"><strong><span style=\"text-decoration: underline;\">Lengua Castellana y Literatura<\/span><\/strong><br \/>\nJefa de Departamento: D\u00aa. Cristina Chaves Rodr\u00edguez<br \/>\nEmail: ccharod315@g.educaand.es<br \/>\nConsulta Curr\u00edculo establecido. <a href=\"https:\/\/iestrevenque.es\/curriculo\" target=\"_blank\" rel=\"noopener noreferrer\">Referentes de Evaluaci\u00f3n de las Materias<\/a>&nbsp;<br \/>\n<iframe loading=\"lazy\" src=\"https:\/\/comunica.iestrevenque.es\/mods\/mod_documents\/dir\/2.DPTOS\/LCyL\/\" name=\"ventana_iframe\" width=\"550\" height=\"200\" frameborder=\"0\" marginwidth=\"0\" marginheight=\"0\" scrolling=\"no\"><\/iframe><br \/><\/li><li class=\"tab-pane \" id=\"ert_pane1-11\"><strong><span style=\"text-decoration: underline;\">Matem\u00e1ticas<\/span><\/strong><br \/>\nJefe de Departamento: D. Sergio Castillo Santiago<br \/>\nEmail: mcassan321@g.educaand.es<br \/>\nConsulta Curr\u00edculo establecido. <a href=\"https:\/\/iestrevenque.es\/curriculo\" target=\"_blank\" rel=\"noopener noreferrer\">Referentes de Evaluaci\u00f3n de las Materias<\/a>&nbsp;<br \/>\n<iframe loading=\"lazy\" src=\"https:\/\/comunica.iestrevenque.es\/mods\/mod_documents\/dir\/2.DPTOS\/MAT\/\" name=\"ventana_iframe\" width=\"550\" height=\"400\" frameborder=\"0\" marginwidth=\"0\" marginheight=\"0\" scrolling=\"no\"><\/iframe><br \/><\/li><li class=\"tab-pane \" id=\"ert_pane1-12\"><strong><span style=\"text-decoration: underline;\">M\u00fasica<\/span><\/strong><br \/>\nJefa de Departamento: D\u00aa. Mar\u00eda Almudena Tovar Mart\u00edn<br \/>\nEmail: mtovmar903@g.educaand.es<br \/>\nConsulta Curr\u00edculo establecido. <a href=\"https:\/\/iestrevenque.es\/curriculo\" target=\"_blank\" rel=\"noopener noreferrer\">Referentes de Evaluaci\u00f3n de las Materias<\/a>&nbsp;<br \/>\n<iframe loading=\"lazy\" src=\"https:\/\/comunica.iestrevenque.es\/mods\/mod_documents\/dir\/2.DPTOS\/MUS\/\" name=\"ventana_iframe\" width=\"550\" height=\"200\" frameborder=\"0\" marginwidth=\"0\" marginheight=\"0\" scrolling=\"no\"><\/iframe><br \/><\/li><li class=\"tab-pane \" id=\"ert_pane1-13\"><strong><span style=\"text-decoration: underline;\">Religi\u00f3n<\/span><\/strong><br \/>\nJefe de Departamento: D. Pedro Doblas Jim\u00e9nez<br \/>\nEmail: pdobjim016@g.educaand.es<br \/>\nConsulta Curr\u00edculo establecido. <a href=\"https:\/\/iestrevenque.es\/curriculo\" target=\"_blank\" rel=\"noopener noreferrer\">Referentes de Evaluaci\u00f3n de las Materias<\/a>&nbsp;<br \/>\n<iframe loading=\"lazy\" src=\"https:\/\/comunica.iestrevenque.es\/mods\/mod_documents\/dir\/2.DPTOS\/REL\/\" name=\"ventana_iframe\" width=\"550\" height=\"200\" frameborder=\"0\" marginwidth=\"0\" marginheight=\"0\" scrolling=\"no\"><\/iframe><br \/><\/li><li class=\"tab-pane \" id=\"ert_pane1-14\"><strong><span style=\"text-decoration: underline;\">Tecnolog\u00eda y TIC&nbsp;<\/span><\/strong><br \/>\nJefe de Departamento: D. Jes\u00fas Arenas Latorre<br \/>\nEmail: jarelat276@g.educaand.es<br \/>\nConsulta Curr\u00edculo establecido. <a href=\"https:\/\/iestrevenque.es\/curriculo\" target=\"_blank\" rel=\"noopener noreferrer\">Referentes de Evaluaci\u00f3n de las Materias<\/a>&nbsp;<br \/>\n<iframe loading=\"lazy\" src=\"https:\/\/comunica.iestrevenque.es\/mods\/mod_documents\/dir\/2.DPTOS\/TEC\/\" name=\"ventana_iframe\" width=\"550\" height=\"500\" frameborder=\"0\" marginwidth=\"0\" marginheight=\"0\" scrolling=\"no\"><\/iframe><br \/><\/li><li class=\"tab-pane \" id=\"ert_pane1-15\"><strong><span style=\"text-decoration: underline;\">Ciclo Formativo GM: T\u00e9cnico en Gu\u00eda en el Medio Natural y Tiempo Libre (TEGU)<\/span><\/strong><br \/>\nJefe de Departamento: D. Andr\u00e9s Rubio Ruiz<br \/>\nEmail: arubrui971@g.educaand.es<br \/>\nConsulta Curr\u00edculo establecido. <a href=\"https:\/\/iestrevenque.es\/curriculo\" target=\"_blank\" rel=\"noopener noreferrer\">Referentes de Evaluaci\u00f3n de las Materias<\/a>&nbsp;<br \/>\n<iframe loading=\"lazy\" src=\"https:\/\/comunica.iestrevenque.es\/mods\/mod_documents\/dir\/2.DPTOS\/TECO\/\" name=\"ventana_iframe\" width=\"550\" height=\"300\" frameborder=\"0\" marginwidth=\"0\" marginheight=\"0\" scrolling=\"no\"><\/iframe><br \/><\/li><li class=\"tab-pane \" id=\"ert_pane1-16\"><strong><span style=\"text-decoration: underline;\">Actividades Complementarias y Extraescolares<\/span><\/strong><br \/>\nJefa de Departamento: D\u00aa. Encarnaci\u00f3n Fern\u00e1ndez Chamorro<br \/>\nEmail: efercha763@g.educaand.es<br \/>\n<iframe loading=\"lazy\" src=\"https:\/\/comunica.iestrevenque.es\/mods\/mod_documents\/dir\/2.DPTOS\/ACE\/\" name=\"ventana_iframe\" width=\"550\" height=\"200\" frameborder=\"0\" marginwidth=\"0\" marginheight=\"0\" scrolling=\"no\"><\/iframe><br \/><\/li><li class=\"tab-pane \" id=\"ert_pane1-17\"><strong><span style=\"text-decoration: underline;\">Formaci\u00f3n, Evaluaci\u00f3n e Innovaci\u00f3n Educativa<\/span><\/strong><br \/>\nJefe de Departamento: D. V\u00edctor Quevedo Blasco<br \/>\nEmail: vquebla837@g.educaand.es<br \/>\n<iframe loading=\"lazy\" src=\"https:\/\/comunica.iestrevenque.es\/mods\/mod_documents\/dir\/2.DPTOS\/FEIE\/\" name=\"ventana_iframe\" width=\"550\" height=\"200\" frameborder=\"0\" marginwidth=\"0\" marginheight=\"0\" scrolling=\"no\"><\/iframe><br \/><\/li><\/ul><\/div><\/div>\n","protected":false},"excerpt":{"rendered":"<p>Informaci\u00f3n relativa a los DEPARTAMENTOS DID\u00c1CTICOS: &nbsp; &nbsp; &nbsp;&#8211; Puestos y especialidades. &nbsp; &nbsp; &nbsp;&#8211; Jefes\/as de Departamento. &nbsp; &nbsp; &nbsp;&#8211; Correos electr\u00f3nicos. &nbsp; &nbsp; &nbsp;&#8211; Consulta Criterios de Evaluaci\u00f3n-Calificaci\u00f3n, curr\u00edculo establecido y otros documentos. Acceso a CRITERIOS de EVALUACI\u00d3N y CALIFICACI\u00d3N C. 2025\/26<\/p>\n","protected":false},"author":8,"featured_media":0,"parent":0,"menu_order":0,"comment_status":"closed","ping_status":"closed","template":"","meta":{"ngg_post_thumbnail":0,"jetpack_post_was_ever_published":false,"footnotes":""},"categories":[8],"tags":[],"class_list":["post-286","page","type-page","status-publish","hentry","category-administracion"],"jetpack_sharing_enabled":true,"jetpack_shortlink":"https:\/\/wp.me\/Pa47Ce-4C","_links":{"self":[{"href":"https:\/\/iestrevenque.es\/sitio\/wp-json\/wp\/v2\/pages\/286","targetHints":{"allow":["GET"]}}],"collection":[{"href":"https:\/\/iestrevenque.es\/sitio\/wp-json\/wp\/v2\/pages"}],"about":[{"href":"https:\/\/iestrevenque.es\/sitio\/wp-json\/wp\/v2\/types\/page"}],"author":[{"embeddable":true,"href":"https:\/\/iestrevenque.es\/sitio\/wp-json\/wp\/v2\/users\/8"}],"replies":[{"embeddable":true,"href":"https:\/\/iestrevenque.es\/sitio\/wp-json\/wp\/v2\/comments?post=286"}],"version-history":[{"count":206,"href":"https:\/\/iestrevenque.es\/sitio\/wp-json\/wp\/v2\/pages\/286\/revisions"}],"predecessor-version":[{"id":14447,"href":"https:\/\/iestrevenque.es\/sitio\/wp-json\/wp\/v2\/pages\/286\/revisions\/14447"}],"wp:attachment":[{"href":"https:\/\/iestrevenque.es\/sitio\/wp-json\/wp\/v2\/media?parent=286"}],"wp:term":[{"taxonomy":"category","embeddable":true,"href":"https:\/\/iestrevenque.es\/sitio\/wp-json\/wp\/v2\/categories?post=286"},{"taxonomy":"post_tag","embeddable":true,"href":"https:\/\/iestrevenque.es\/sitio\/wp-json\/wp\/v2\/tags?post=286"}],"curies":[{"name":"wp","href":"https:\/\/api.w.org\/{rel}","templated":true}]}}