{"id":3174,"date":"2019-08-27T15:43:04","date_gmt":"2019-08-27T15:43:04","guid":{"rendered":"http:\/\/iestrevenque.es\/sitio\/?page_id=3174"},"modified":"2019-08-27T15:46:19","modified_gmt":"2019-08-27T15:46:19","slug":"cuaderno-de-clase-de-seneca","status":"publish","type":"page","link":"https:\/\/iestrevenque.es\/sitio\/cuaderno-de-clase-de-seneca\/","title":{"rendered":"Tab Cuaderno de Clase de S\u00e9neca"},"content":{"rendered":"<ul>\n<li><a href=\"https:\/\/educacionadistancia.juntadeandalucia.es\/profesorado\/autoformacion\/pluginfile.php\/6509\/mod_resource\/content\/1\/cuaderno_de_clase.html\" target=\"_blank\" rel=\"noopener noreferrer\">Manual Formaci\u00f3n a distancia<\/a><\/li>\n<\/ul>\n<p>&nbsp;<\/p>\n<ul>\n<li><strong>Videotutorial parte 1<\/strong> (por&nbsp;Jes\u00fas Rubio N\u00fa\u00f1ez):&nbsp;<strong>Categor\u00edas de actividades.<\/strong><\/li>\n<\/ul>\n<iframe loading=\"lazy\"  id=\"_ytid_56289\"  width=\"665\" height=\"374\"  data-origwidth=\"665\" data-origheight=\"374\" src=\"https:\/\/www.youtube.com\/embed\/2_FZv12at3k?enablejsapi=1&autoplay=0&cc_load_policy=0&cc_lang_pref=&iv_load_policy=1&loop=0&rel=1&fs=1&playsinline=0&autohide=2&theme=dark&color=red&controls=1&disablekb=0&\" class=\"__youtube_prefs__  no-lazyload\" title=\"YouTube player\"  allow=\"fullscreen; accelerometer; autoplay; clipboard-write; encrypted-media; gyroscope; picture-in-picture; web-share\" referrerpolicy=\"strict-origin-when-cross-origin\" allowfullscreen data-no-lazy=\"1\" data-skipgform_ajax_framebjll=\"\"><\/iframe>\n<ul>\n<li><strong>Videotutorial parte 2<\/strong> (por&nbsp;Jes\u00fas Rubio N\u00fa\u00f1ez):<strong>&nbsp;Actividades evaluables.<\/strong><\/li>\n<\/ul>\n<iframe loading=\"lazy\"  id=\"_ytid_58496\"  width=\"665\" height=\"374\"  data-origwidth=\"665\" data-origheight=\"374\" src=\"https:\/\/www.youtube.com\/embed\/32up2PW79Y0?enablejsapi=1&autoplay=0&cc_load_policy=0&cc_lang_pref=&iv_load_policy=1&loop=0&rel=1&fs=1&playsinline=0&autohide=2&theme=dark&color=red&controls=1&disablekb=0&\" class=\"__youtube_prefs__  no-lazyload\" title=\"YouTube player\"  allow=\"fullscreen; accelerometer; autoplay; clipboard-write; encrypted-media; gyroscope; picture-in-picture; web-share\" referrerpolicy=\"strict-origin-when-cross-origin\" allowfullscreen data-no-lazy=\"1\" data-skipgform_ajax_framebjll=\"\"><\/iframe>\n<ul>\n<li><strong>Videotutorial parte 3<\/strong> (por&nbsp;Jes\u00fas Rubio N\u00fa\u00f1ez): <strong>Clonado y copiado de actividades.<\/strong><\/li>\n<\/ul>\n<iframe loading=\"lazy\"  id=\"_ytid_63383\"  width=\"665\" height=\"374\"  data-origwidth=\"665\" data-origheight=\"374\" src=\"https:\/\/www.youtube.com\/embed\/KMDzS3J5qG8?enablejsapi=1&autoplay=0&cc_load_policy=0&cc_lang_pref=&iv_load_policy=1&loop=0&rel=1&fs=1&playsinline=0&autohide=2&theme=dark&color=red&controls=1&disablekb=0&\" class=\"__youtube_prefs__  no-lazyload\" title=\"YouTube player\"  allow=\"fullscreen; accelerometer; autoplay; clipboard-write; encrypted-media; gyroscope; picture-in-picture; web-share\" referrerpolicy=\"strict-origin-when-cross-origin\" allowfullscreen data-no-lazy=\"1\" data-skipgform_ajax_framebjll=\"\"><\/iframe>\n<ul>\n<li><strong>Videotutorial parte 4<\/strong> (por&nbsp;Jes\u00fas Rubio N\u00fa\u00f1ez): <strong>Creaci\u00f3n de documentos.<\/strong><\/li>\n<\/ul>\n<iframe loading=\"lazy\"  id=\"_ytid_64110\"  width=\"665\" height=\"374\"  data-origwidth=\"665\" data-origheight=\"374\" src=\"https:\/\/www.youtube.com\/embed\/FRlIsX8WK48?enablejsapi=1&autoplay=0&cc_load_policy=0&cc_lang_pref=&iv_load_policy=1&loop=0&rel=1&fs=1&playsinline=0&autohide=2&theme=dark&color=red&controls=1&disablekb=0&\" class=\"__youtube_prefs__  no-lazyload\" title=\"YouTube player\"  allow=\"fullscreen; accelerometer; autoplay; clipboard-write; encrypted-media; gyroscope; picture-in-picture; web-share\" referrerpolicy=\"strict-origin-when-cross-origin\" allowfullscreen data-no-lazy=\"1\" data-skipgform_ajax_framebjll=\"\"><\/iframe>\n<ul>\n<li><strong>Videotutorial parte 5<\/strong> (por&nbsp;Jes\u00fas Rubio N\u00fa\u00f1ez): <strong>iSeneca, versi\u00f3n m\u00f3vil<\/strong><\/li>\n<\/ul>\n<iframe loading=\"lazy\"  id=\"_ytid_69959\"  width=\"665\" height=\"374\"  data-origwidth=\"665\" data-origheight=\"374\" src=\"https:\/\/www.youtube.com\/embed\/HfW6PShE1kM?enablejsapi=1&autoplay=0&cc_load_policy=0&cc_lang_pref=&iv_load_policy=1&loop=0&rel=1&fs=1&playsinline=0&autohide=2&theme=dark&color=red&controls=1&disablekb=0&\" class=\"__youtube_prefs__  no-lazyload\" title=\"YouTube player\"  allow=\"fullscreen; accelerometer; autoplay; clipboard-write; encrypted-media; gyroscope; picture-in-picture; web-share\" referrerpolicy=\"strict-origin-when-cross-origin\" allowfullscreen data-no-lazy=\"1\" data-skipgform_ajax_framebjll=\"\"><\/iframe>\n","protected":false},"excerpt":{"rendered":"<p>Manual Formaci\u00f3n a distancia &nbsp; Videotutorial parte 1 (por&nbsp;Jes\u00fas Rubio N\u00fa\u00f1ez):&nbsp;Categor\u00edas de actividades. Videotutorial parte 2 (por&nbsp;Jes\u00fas Rubio N\u00fa\u00f1ez):&nbsp;Actividades evaluables. Videotutorial parte 3 (por&nbsp;Jes\u00fas Rubio N\u00fa\u00f1ez): Clonado y copiado de actividades. Videotutorial parte 4 (por&nbsp;Jes\u00fas Rubio N\u00fa\u00f1ez): Creaci\u00f3n de documentos. Videotutorial parte 5 (por&nbsp;Jes\u00fas Rubio N\u00fa\u00f1ez): iSeneca, versi\u00f3n m\u00f3vil<\/p>\n","protected":false},"author":8,"featured_media":0,"parent":0,"menu_order":0,"comment_status":"closed","ping_status":"closed","template":"","meta":{"ngg_post_thumbnail":0,"jetpack_post_was_ever_published":false,"footnotes":""},"categories":[22],"tags":[],"class_list":["post-3174","page","type-page","status-publish","hentry","category-tabs-tutoriales"],"jetpack_sharing_enabled":true,"jetpack_shortlink":"https:\/\/wp.me\/Pa47Ce-Pc","_links":{"self":[{"href":"https:\/\/iestrevenque.es\/sitio\/wp-json\/wp\/v2\/pages\/3174","targetHints":{"allow":["GET"]}}],"collection":[{"href":"https:\/\/iestrevenque.es\/sitio\/wp-json\/wp\/v2\/pages"}],"about":[{"href":"https:\/\/iestrevenque.es\/sitio\/wp-json\/wp\/v2\/types\/page"}],"author":[{"embeddable":true,"href":"https:\/\/iestrevenque.es\/sitio\/wp-json\/wp\/v2\/users\/8"}],"replies":[{"embeddable":true,"href":"https:\/\/iestrevenque.es\/sitio\/wp-json\/wp\/v2\/comments?post=3174"}],"version-history":[{"count":2,"href":"https:\/\/iestrevenque.es\/sitio\/wp-json\/wp\/v2\/pages\/3174\/revisions"}],"predecessor-version":[{"id":3177,"href":"https:\/\/iestrevenque.es\/sitio\/wp-json\/wp\/v2\/pages\/3174\/revisions\/3177"}],"wp:attachment":[{"href":"https:\/\/iestrevenque.es\/sitio\/wp-json\/wp\/v2\/media?parent=3174"}],"wp:term":[{"taxonomy":"category","embeddable":true,"href":"https:\/\/iestrevenque.es\/sitio\/wp-json\/wp\/v2\/categories?post=3174"},{"taxonomy":"post_tag","embeddable":true,"href":"https:\/\/iestrevenque.es\/sitio\/wp-json\/wp\/v2\/tags?post=3174"}],"curies":[{"name":"wp","href":"https:\/\/api.w.org\/{rel}","templated":true}]}}