{"id":34,"date":"2018-07-13T16:56:21","date_gmt":"2018-07-13T16:56:21","guid":{"rendered":"http:\/\/iestrevenque.es\/sitio\/?page_id=34"},"modified":"2025-10-13T09:11:50","modified_gmt":"2025-10-13T09:11:50","slug":"nuestro-centro","status":"publish","type":"page","link":"https:\/\/iestrevenque.es\/sitio\/nuestro-centro\/","title":{"rendered":"1. Contexto"},"content":{"rendered":"<p><img data-recalc-dims=\"1\" loading=\"lazy\" decoding=\"async\" class=\"aligncenter size-full wp-image-85\" src=\"https:\/\/i0.wp.com\/iestrevenque.es\/sitio\/wp-content\/uploads\/2018\/07\/banner-centro.jpg?resize=665%2C149&#038;ssl=1\" alt=\"\" width=\"665\" height=\"149\" srcset=\"https:\/\/i0.wp.com\/iestrevenque.es\/sitio\/wp-content\/uploads\/2018\/07\/banner-centro.jpg?w=940&amp;ssl=1 940w, https:\/\/i0.wp.com\/iestrevenque.es\/sitio\/wp-content\/uploads\/2018\/07\/banner-centro.jpg?resize=300%2C67&amp;ssl=1 300w, https:\/\/i0.wp.com\/iestrevenque.es\/sitio\/wp-content\/uploads\/2018\/07\/banner-centro.jpg?resize=768%2C172&amp;ssl=1 768w, https:\/\/i0.wp.com\/iestrevenque.es\/sitio\/wp-content\/uploads\/2018\/07\/banner-centro.jpg?resize=660%2C147&amp;ssl=1 660w\" sizes=\"auto, (max-width: 665px) 100vw, 665px\" \/><a href=\"https:\/\/view.genial.ly\/603d26a1f919e80d33153785\/presentation-escolarizacion-ies-trevenque\" target=\"_blank\" rel=\"noopener\"><img data-recalc-dims=\"1\" loading=\"lazy\" decoding=\"async\" class=\"aligncenter size-full wp-image-6772\" src=\"https:\/\/i0.wp.com\/iestrevenque.es\/sitio\/wp-content\/uploads\/2021\/09\/NuestroCentro.jpg?resize=250%2C125&#038;ssl=1\" alt=\"\" width=\"250\" height=\"125\"><\/a>El <strong>IES Trevenque<\/strong> est\u00e1 ubicado en el municipio de La Zubia, concretamente se localiza hacia el Este en el l\u00edmite con el t\u00e9rmino municipal del Barrio de Monachil y de C\u00e1jar.&nbsp;&nbsp;<\/p>\n<ul class=\"centro1\">\n<li><b>C\u00f3digo:<\/b>&nbsp;18700244<\/li>\n<li><b>Domicilio:<\/b>&nbsp;C\/ \u00c1lvarez Quintero, 2&nbsp; La Zubia (18140)-Granada<a href=\"https:\/\/goo.gl\/maps\/QXiaBEEmoTz\" target=\"_blank\" rel=\"noopener noreferrer\"><img data-recalc-dims=\"1\" loading=\"lazy\" decoding=\"async\" class=\"alignright wp-image-101 size-full\" src=\"https:\/\/i0.wp.com\/iestrevenque.es\/sitio\/wp-content\/uploads\/2018\/07\/localizaci%C3%B3n.jpg?resize=133%2C74&#038;ssl=1\" alt=\"\" width=\"133\" height=\"74\"><\/a><\/li>\n<li><b>Tel\u00e9fono:<\/b> 958893657 \/ 671599263 &nbsp;<br \/>\n<b>Tel\u00e9fono corp:<\/b>&nbsp;190657&nbsp;&nbsp;<b>Fax:<\/b>&nbsp;958893663<\/li>\n<\/ul>\n<p style=\"text-align: left;\">&nbsp;<\/p>\n<p style=\"text-align: justify;\"><img data-recalc-dims=\"1\" loading=\"lazy\" decoding=\"async\" class=\"alignright wp-image-87 \" src=\"https:\/\/i0.wp.com\/iestrevenque.es\/sitio\/wp-content\/uploads\/2018\/07\/picoTrevenque2.png?resize=332%2C194&#038;ssl=1\" alt=\"\" width=\"332\" height=\"194\" srcset=\"https:\/\/i0.wp.com\/iestrevenque.es\/sitio\/wp-content\/uploads\/2018\/07\/picoTrevenque2.png?resize=300%2C175&amp;ssl=1 300w, https:\/\/i0.wp.com\/iestrevenque.es\/sitio\/wp-content\/uploads\/2018\/07\/picoTrevenque2.png?w=451&amp;ssl=1 451w\" sizes=\"auto, (max-width: 332px) 100vw, 332px\" \/>La Zubia es una localidad y municipio espa\u00f1ol situado en la parte meridional de la comarca de la Vega de Granada, en la provincia de Granada, comunidad aut\u00f3noma de Andaluc\u00eda. Limita con los municipios de Granada, Hu\u00e9tor Vega, C\u00e1jar, Monachil, D\u00edlar, G\u00f3jar y Og\u00edjares.&nbsp;&nbsp;&nbsp;Buena parte de su t\u00e9rmino municipal pertenece al Parque Natural de Sierra Nevada, siendo protegido, a manera de grandes torreones, por el Pico de la Boca de la Pesc\u00e1, el Cerro del Tamboril y el Pico Trevenque -que da nombre al instituto-.&nbsp;<\/p>\n<p style=\"text-align: justify;\">El municipio es una de las treinta y cuatro entidades que componen el \u00c1rea Metropolitana de Granada, y comprende los n\u00facleos de poblaci\u00f3n de La Zubia, Cumbres Verdes y El Barrichuelo. Se ha convertido en lugar preferido de gentes que, dejando atr\u00e1s el bullicio de la ciudad, buscan la bonanza de sus gentes, la belleza de sus paisajes y la alta calidad de vida que ofrece el municipio.<\/p>\n<p style=\"text-align: justify;\">El top\u00f3nimo deriva del \u00e1rabe az-Z\u0101w\u012ba (\u00abla ermita\u00bb, \u00abel lugar de retiro\u00bb), el mismo origen que otros top\u00f3nimos espa\u00f1oles como Adsubia o Azoya. Otros fil\u00f3logos con m\u00e1s acierto, aluden a que es err\u00f3neo relacionar el nombre del pueblo con \u00abzawiya\u00bb, y que hay que asociarlo exactamente con \u00abzubia\u00bb, (Del \u00e1rabe hisp\u00e1nico \u00abz\u00fabya\u00bb, y este del \u00e1rabe cl\u00e1sico \u00abzubyah\u00bb) que significa en \u00e1rabe \u00ablugar donde fluye el agua\u00bb o \u00abcorriente de agua en un arenal\u00bb, que describir\u00eda las caracter\u00edsticas del emplazamiento del pueblo. Por otra parte tambi\u00e9n se puede inferir un origen Ibero.<\/p>\n<p style=\"text-align: justify;\">La poblaci\u00f3n del municipio hunde sus ra\u00edces en los m\u00e1s lejanos tiempos hist\u00f3ricos. Pero especialmente La&nbsp; Zubia es conocida por el suceso legendario del <a href=\"https:\/\/iestrevenque.es\/sitio\/wp-content\/uploads\/2018\/07\/LaurelZubia01.pdf\" target=\"_blank\" rel=\"noopener noreferrer\">Laurel acaecido a la reina Isabel La Cat\u00f3lica<\/a>.<\/p>\n<p><a href=\"https:\/\/es.wikipedia.org\/wiki\/La_Zubia\" target=\"_blank\" rel=\"noopener noreferrer\"><img data-recalc-dims=\"1\" loading=\"lazy\" decoding=\"async\" class=\"aligncenter wp-image-105 size-full\" src=\"https:\/\/i0.wp.com\/iestrevenque.es\/sitio\/wp-content\/uploads\/2018\/07\/laZubia.png?resize=665%2C306&#038;ssl=1\" alt=\"\" width=\"665\" height=\"306\" srcset=\"https:\/\/i0.wp.com\/iestrevenque.es\/sitio\/wp-content\/uploads\/2018\/07\/laZubia.png?w=805&amp;ssl=1 805w, https:\/\/i0.wp.com\/iestrevenque.es\/sitio\/wp-content\/uploads\/2018\/07\/laZubia.png?resize=300%2C138&amp;ssl=1 300w, https:\/\/i0.wp.com\/iestrevenque.es\/sitio\/wp-content\/uploads\/2018\/07\/laZubia.png?resize=768%2C354&amp;ssl=1 768w, https:\/\/i0.wp.com\/iestrevenque.es\/sitio\/wp-content\/uploads\/2018\/07\/laZubia.png?resize=660%2C304&amp;ssl=1 660w\" sizes=\"auto, (max-width: 665px) 100vw, 665px\" \/><\/a><\/p>\n","protected":false},"excerpt":{"rendered":"<p>El IES Trevenque est\u00e1 ubicado en el municipio de La Zubia, concretamente se localiza hacia el Este en el l\u00edmite con el t\u00e9rmino municipal del Barrio de Monachil y de C\u00e1jar.&nbsp;&nbsp; C\u00f3digo:&nbsp;18700244 Domicilio:&nbsp;C\/ \u00c1lvarez Quintero, 2&nbsp; La Zubia (18140)-Granada Tel\u00e9fono: 958893657 \/ 671599263 &nbsp; Tel\u00e9fono corp:&nbsp;190657&nbsp;&nbsp;Fax:&nbsp;958893663 &nbsp; La Zubia es una localidad y municipio espa\u00f1ol\u2026 <span class=\"read-more\"><a href=\"https:\/\/iestrevenque.es\/sitio\/nuestro-centro\/\">Leer m\u00e1s &raquo;<\/a><\/span><\/p>\n","protected":false},"author":8,"featured_media":0,"parent":0,"menu_order":0,"comment_status":"closed","ping_status":"closed","template":"","meta":{"ngg_post_thumbnail":0,"jetpack_post_was_ever_published":false,"footnotes":""},"categories":[8],"tags":[],"class_list":["post-34","page","type-page","status-publish","hentry","category-administracion"],"jetpack_sharing_enabled":true,"jetpack_shortlink":"https:\/\/wp.me\/Pa47Ce-y","_links":{"self":[{"href":"https:\/\/iestrevenque.es\/sitio\/wp-json\/wp\/v2\/pages\/34","targetHints":{"allow":["GET"]}}],"collection":[{"href":"https:\/\/iestrevenque.es\/sitio\/wp-json\/wp\/v2\/pages"}],"about":[{"href":"https:\/\/iestrevenque.es\/sitio\/wp-json\/wp\/v2\/types\/page"}],"author":[{"embeddable":true,"href":"https:\/\/iestrevenque.es\/sitio\/wp-json\/wp\/v2\/users\/8"}],"replies":[{"embeddable":true,"href":"https:\/\/iestrevenque.es\/sitio\/wp-json\/wp\/v2\/comments?post=34"}],"version-history":[{"count":66,"href":"https:\/\/iestrevenque.es\/sitio\/wp-json\/wp\/v2\/pages\/34\/revisions"}],"predecessor-version":[{"id":14330,"href":"https:\/\/iestrevenque.es\/sitio\/wp-json\/wp\/v2\/pages\/34\/revisions\/14330"}],"wp:attachment":[{"href":"https:\/\/iestrevenque.es\/sitio\/wp-json\/wp\/v2\/media?parent=34"}],"wp:term":[{"taxonomy":"category","embeddable":true,"href":"https:\/\/iestrevenque.es\/sitio\/wp-json\/wp\/v2\/categories?post=34"},{"taxonomy":"post_tag","embeddable":true,"href":"https:\/\/iestrevenque.es\/sitio\/wp-json\/wp\/v2\/tags?post=34"}],"curies":[{"name":"wp","href":"https:\/\/api.w.org\/{rel}","templated":true}]}}