{"id":456,"date":"2018-10-01T16:28:13","date_gmt":"2018-10-01T16:28:13","guid":{"rendered":"http:\/\/iestrevenque.es\/sitio\/?page_id=456"},"modified":"2025-10-13T09:17:54","modified_gmt":"2025-10-13T09:17:54","slug":"planes-y-proyectos","status":"publish","type":"page","link":"https:\/\/iestrevenque.es\/sitio\/planes-y-proyectos\/","title":{"rendered":"4. Planes y Programas"},"content":{"rendered":"<p>Planes y Proyectos Educativos <strong>implantados<\/strong> actualmente en el Centro:<\/p>\n<ul>\n<li>Escuela TIC 2.0<\/li>\n<li>Pr\u00e1cticum M\u00e1ster Secundaria: Centro de inmersi\u00f3n para la formaci\u00f3n&nbsp;de futuros docentes.&nbsp;<\/li>\n<li>Plan de Autoprotecci\u00f3n: Salud y Prevenci\u00f3n de Riesgos Laborales<\/li>\n<li>Escuelas Deportivas<\/li>\n<li>Programa de Centro Biling\u00fce: Ingl\u00e9s<\/li>\n<li>Red Andaluza Escuela: \u00abEspacio de Paz\u00bb<\/li>\n<li>Plan de Apertura de Centros Docentes<\/li>\n<li>Plan de Igualdad de G\u00e9nero en Educaci\u00f3n<\/li>\n<li>Forma Joven en el \u00c1mbito Educativo<\/li>\n<li>Programa de Digitalizaci\u00f3n de Centros (PRODIG)<\/li>\n<li>INNICIA Cultura Emprendedora: Trevenque Activo<\/li>\n<li>PROEDUCAR (Actual\u00edzate e Ilusi\u00f3nate)<\/li>\n<li>Erasmus+<\/li>\n<\/ul>\n<p><span style=\"text-decoration: underline;\">Directorios con informaci\u00f3n y algunos materiales de los&nbsp;Planes y Programas<\/span>:<\/p>\n<div class=\"osc-res-tab tabbable   osc-tabs-left\"><div style=\"clear:both;width: 100%;\"><ul class=\"nav osc-res-nav nav-pills osc-tabs-left-ul\" id=\"oscitas-restabs-1-planes-y-proyectos-28553\"><li class=\"active\"><a href=\"#ert_pane1-0\" data-toggle=\"tab\">TIC<\/a><\/li><li class=\"\"><a href=\"#ert_pane1-1\" data-toggle=\"tab\">PR\u00c1CTICUM<\/a><\/li><li class=\"\"><a href=\"#ert_pane1-2\" data-toggle=\"tab\">AUTOPROTECCI\u00d3N<\/a><\/li><li class=\"\"><a href=\"#ert_pane1-3\" data-toggle=\"tab\">M\u00c1S DEPORTE<\/a><\/li><li class=\"\"><a href=\"#ert_pane1-4\" data-toggle=\"tab\">BILING\u00dcISMO<\/a><\/li><li class=\"\"><a href=\"#ert_pane1-5\" data-toggle=\"tab\">ESPACIO-PAZ<\/a><\/li><li class=\"\"><a href=\"#ert_pane1-6\" data-toggle=\"tab\">APERTURA<\/a><\/li><li class=\"\"><a href=\"#ert_pane1-7\" data-toggle=\"tab\">IGUALDAD<\/a><\/li><li class=\"\"><a href=\"#ert_pane1-8\" data-toggle=\"tab\">FORMA JOVEN<\/a><\/li><li class=\"\"><a href=\"#ert_pane1-9\" data-toggle=\"tab\">PRODIG<\/a><\/li><li class=\"\"><a href=\"#ert_pane1-10\" data-toggle=\"tab\">INNICIA<\/a><\/li><li class=\"\"><a href=\"#ert_pane1-11\" data-toggle=\"tab\">PROEDUCAR<\/a><\/li><li class=\"\"><a href=\"#ert_pane1-12\" data-toggle=\"tab\">ERASMUS+<\/a><\/li><li class=\"\"><a href=\"#ert_pane1-13\" data-toggle=\"tab\">TDE<\/a><\/li><\/ul><\/div><div style=\"clear:both;width: 100%;\"><ul class=\"tab-content\" id=\"oscitas-restabcontent-1-planes-y-proyectos-28553\"><li class=\"tab-pane active\" id=\"ert_pane1-0\"><span style=\"text-decoration: underline;\"><strong>Escuela TIC 2.0<\/strong><\/span><\/p>\n<p style=\"text-align: justify;\">Proyecto para&nbsp;potenciar las nuevas tecnolog\u00edas de la informaci\u00f3n y la&nbsp;comunicaci\u00f3n en el alumnado y el profesorado del centro con el fin de:<\/p>\n<ul>\n<li style=\"text-align: justify;\">Fomentar la actividad investigadora, a trav\u00e9s de Internet y mejorar el rendimiento escolar.&nbsp;<\/li>\n<li style=\"text-align: justify;\">Difundir materiales y recursos did\u00e1cticos producidos en el centro a trav\u00e9s de la red.<\/li>\n<li style=\"text-align: justify;\">Etc.<\/li>\n<\/ul>\n<p><\/li><li class=\"tab-pane \" id=\"ert_pane1-1\"><span style=\"text-decoration: underline;\"><strong>Pr\u00e1cticum M\u00e1ster Secundaria<br \/>\n<\/strong><\/span><\/p>\n<p>Programa al que se acoge nuestro centro para&nbsp; la inmersi\u00f3n y formaci\u00f3n&nbsp;de futuros docentes.<span style=\"text-decoration: underline;\"><strong><br \/>\n<\/strong><\/span><\/p>\n<p><\/li><li class=\"tab-pane \" id=\"ert_pane1-2\"><span style=\"text-decoration: underline;\"><strong>Plan de&nbsp;Salud y Prevenci\u00f3n de Riesgos Laborales<\/strong><\/span><\/p>\n<p style=\"text-align: justify;\">Plan que tiene como finalidad implantar la cultura preventiva integrando la prevenci\u00f3n en todas las decisiones, actividades y niveles jer\u00e1rquicos de la estructura administrativa de nuestro centro.<\/p>\n<ul>\n<li><a href=\"https:\/\/www.juntadeandalucia.es\/boja\/2006\/196\/2\" target=\"_blank\" rel=\"noopener noreferrer\">Normativa<\/a><\/li>\n<\/ul>\n<p>Esquema de los documentos desarrollados a nivel de centro (disponibles en la secci\u00f3n \u00abGESTI\u00d3N\u00bb, apartado \u00abConsulta y descarga documentos&nbsp;internos\u00bb)<\/p>\n<ul>\n<li>Manuales y v\u00eddeos sobre salud y enfermedades cr\u00f3nicas<\/li>\n<li>Protocolos de atenci\u00f3n al alumnado con enfermedades cr\u00f3nicas<\/li>\n<li>Organigrama de autoprotecci\u00f3n<\/li>\n<li>Protocolo de evacuaci\u00f3n: instrucciones y planos<\/li>\n<\/ul>\n<p><\/li><li class=\"tab-pane \" id=\"ert_pane1-3\"><span style=\"text-decoration: underline;\"><strong>M\u00e1s Deporte<\/strong><\/span><\/p>\n<p style=\"text-align: justify;\">Programa que se proyecta como veh\u00edculo de iniciaci\u00f3n y promoci\u00f3n deportiva. La finalidad principal es realizar una oferta multideportiva, en horario no lectivo, con la intenci\u00f3n de fomentar el deporte en edad escolar, promocionando la educaci\u00f3n en valores y el desarrollo pleno e integral de la personalidad del&nbsp;alumnado.<\/p>\n<ul>\n<li><a href=\"https:\/\/www.juntadeandalucia.es\/boja\/2016\/63\/1\" target=\"_blank\" rel=\"noopener noreferrer\">Normativa<\/a><\/li>\n<\/ul>\n<p><\/li><li class=\"tab-pane \" id=\"ert_pane1-4\"><span style=\"text-decoration: underline;\"><strong>P<\/strong><strong>rograma de Centro Biling\u00fce: Ingl\u00e9s<\/strong><\/span><\/p>\n<p style=\"text-align: justify;\">Programa que tiene como objetivo&nbsp;impartir a lo largo de la etapa de la ESO y en determinadas&nbsp;materias no ling\u00fc\u00edsticas&nbsp;del curr\u00edculo, al menos, el&nbsp;cincuenta por ciento en una lengua extranjera (ingl\u00e9s). Se trata de&nbsp;promover la adquisici\u00f3n y el&nbsp;desarrollo de las competencias ling\u00fc\u00edsticas del alumnado en&nbsp;relaci\u00f3n con las destrezas de escuchar, hablar, conversar, leer y escribir, mediante el aprendizaje integrado de contenidos y&nbsp;lengua extranjera.<\/p>\n<ul>\n<li><span id=\"yui_3_13_0_2_1538422169713_144\" class=\"instancename\"><a id=\"yui_3_13_0_2_1538422169713_145\" class=\"\" href=\"http:\/\/www.juntadeandalucia.es\/averroes\/centros-tic\/04006446\/moodle2\/pluginfile.php\/278\/mod_resource\/content\/2\/Orden28junio2011EnsenanzaBilingue.pdf\" target=\"_blank\" rel=\"noopener noreferrer\">Orden de funcionamiento de Centros Biling\u00fces<\/a><\/span><\/li>\n<li><a id=\"yui_3_13_0_2_1538422169713_151\" class=\"\" href=\"http:\/\/www.juntadeandalucia.es\/educacion\/webportal\/web\/portal-de-plurilinguismo\" target=\"_blank\" rel=\"noopener noreferrer\"><span id=\"yui_3_13_0_2_1538422169713_150\" class=\"instancename\">Portal de Pluriling\u00fcismo Junta de Andaluc\u00eda<\/span><\/a><\/li>\n<\/ul>\n<p><\/li><li class=\"tab-pane \" id=\"ert_pane1-5\"><span style=\"text-decoration: underline;\"><strong>Red Andaluza Escuela: \u00abEspacio de Paz\u00bb<\/strong><\/span><\/p>\n<p style=\"text-align: justify;\">Programa para la promoci\u00f3n de los valores propios de una sociedad democr\u00e1tica, el respeto mutuo, la igualdad, el di\u00e1logo, la solidaridad y la resoluci\u00f3n pac\u00edfica de los conflictos, contando con la participaci\u00f3n de toda la comunidad educativa en la vida de los centros y la vinculaci\u00f3n e implicaci\u00f3n con su entorno.<\/p>\n<ul>\n<li><a href=\"http:\/\/www.juntadeandalucia.es\/educacion\/webportal\/web\/convivencia-escolar\/eep\/centros\/granada\" target=\"_blank\" rel=\"noopener noreferrer\">Portal&nbsp;Red Andaluza Escuela: \u00abEspacio de Paz\u00bb&nbsp;<\/a><\/li>\n<\/ul>\n<p><\/li><li class=\"tab-pane \" id=\"ert_pane1-6\"><span style=\"text-decoration: underline;\"><strong>Plan de Apertura de Centros Docentes<\/strong><\/span><\/p>\n<p style=\"text-align: justify;\">Programa que persigue que el centro educativo, m\u00e1s all\u00e1 de la jornada lectiva tradicional, sea capaz de ofrecer al alumnado y sus familias una oferta de jornada escolar completa, de forma que encuentren en sus centros las actividades que necesitan para completar su formaci\u00f3n y para utilizar de una manera educativa su tiempo libre. En nuestro caso,&nbsp;actividades&nbsp;extraescolares de refuerzo en las materias de: Ingl\u00e9s, Matem\u00e1ticas, Lengua Castellana y Franc\u00e9s.<\/p>\n<ul>\n<li><a href=\"http:\/\/www.juntadeandalucia.es\/educacion\/portals\/web\/ced\/plan-apertura\" target=\"_blank\" rel=\"noopener noreferrer\">Datos del programa<\/a><\/li>\n<\/ul>\n<p><\/li><li class=\"tab-pane \" id=\"ert_pane1-7\"><span style=\"text-decoration: underline;\"><strong>Plan de Igualdad de G\u00e9nero en Educaci\u00f3n<\/strong><\/span><\/p>\n<p style=\"text-align: justify;\">Programa para fomentar&nbsp;la igualdad de g\u00e9nero en Educaci\u00f3n,&nbsp;a favor de los derechos de las mujeres y con actuaciones que incidan en la cultura real que sustenta la desigualdad producida por la tradicional socializaci\u00f3n diferenciada.<\/p>\n<ul>\n<li><a href=\"http:\/\/www.juntadeandalucia.es\/educacion\/webportal\/web\/portal-de-igualdad\/plan-de-igualdad\" target=\"_blank\" rel=\"noopener noreferrer\">Portal de Igualdad<\/a><\/li>\n<\/ul>\n<p><\/li><li class=\"tab-pane \" id=\"ert_pane1-8\"><span style=\"text-decoration: underline;\"><strong>Forma Joven en el \u00c1mbito Educativo<\/strong><\/span><\/p>\n<ul>\n<li><a href=\"http:\/\/www.juntadeandalucia.es\/educacion\/webportal\/ishare-servlet\/content\/ab5be3f9-6397-4680-a2df-defa6c04bbbf\" target=\"_blank\" rel=\"noopener noreferrer\">Dossier informativo<\/a><\/li>\n<\/ul>\n<p><\/li><li class=\"tab-pane \" id=\"ert_pane1-9\"><span style=\"text-decoration: underline;\"><strong>Programa de Digitalizaci\u00f3n de Centros<\/strong><\/span><\/p>\n<p style=\"text-align: justify;\">Programa para convertir el centro en una&nbsp;organizaci\u00f3n educativa&nbsp;digitalmente competente, que&nbsp;incorpore a su proyecto&nbsp;educativo medidas de&nbsp;transformaci\u00f3n digital&nbsp;encaminadas a la mejora de los&nbsp;procesos, tanto en los \u00e1mbitos&nbsp;de ense\u00f1anza-aprendizaje y&nbsp;organizativos como de&nbsp;comunicaci\u00f3n e informaci\u00f3n.<\/p>\n<ul>\n<li><a href=\"http:\/\/www.juntadeandalucia.es\/educacion\/webportal\/documents\/36027\/653962\/Dossier+PRODIG+2018-2019.pdf\" target=\"_blank\" rel=\"noopener noreferrer\">Dossier informativo<\/a><\/li>\n<\/ul>\n<p><\/li><li class=\"tab-pane \" id=\"ert_pane1-10\"><span style=\"text-decoration: underline;\"><strong>Cultura Emprendedora<\/strong><\/span><\/p>\n<p style=\"text-align: justify;\">Programa encaminado a trabajar en el alumnado su dimensi\u00f3n&nbsp;personal, social y productiva para dotarlo de habilidades, actitudes y&nbsp;aptitudes que le permitan iniciar&nbsp;nuevos proyectos a trav\u00e9s de ideas y oportunidades.&nbsp;<\/p>\n<ul>\n<li><a href=\"http:\/\/www.juntadeandalucia.es\/educacion\/webportal\/documents\/69807\/0\/Innicia+Programa+Marco.pdf\" target=\"_blank\" rel=\"noopener noreferrer\">Dossier informativo<\/a><\/li>\n<\/ul>\n<p>&nbsp;<\/p>\n<p>Nombre de nuestro proyecto emprendedor:&nbsp;<a href=\"http:\/\/www.cuadernoaula.com\/trevenqueactivo\/\" target=\"_blank\" rel=\"noopener noreferrer\"><span style=\"text-decoration: underline;\"><strong>Trevenque Activo<\/strong><\/span><\/a><\/p>\n<p><\/li><li class=\"tab-pane \" id=\"ert_pane1-11\"><span style=\"text-decoration: underline;\"><strong>PROEDUCAR: Actual\u00edzate e Ilusi\u00f3nate<\/strong><\/span><\/p>\n<p style=\"text-align: justify;\">Programa para potenciar aquellas actuaciones innovadoras, activas y participativas&nbsp; que estimulen al alumnado a continuar su formaci\u00f3n en el sistema educativo.&nbsp;Se trata de ofrecer estrategias, metodolog\u00edas y recursos para cambiar el modelo educativo y que vayan dirigidos, preferentemente, al alumnado en situaci\u00f3n de riesgo de abandono escolar temprano,&nbsp;desarrolladas dentro los programas educativos.<\/p>\n<ul>\n<li><a href=\"http:\/\/www.juntadeandalucia.es\/educacion\/webportal\/web\/planes-y-programas\/proeducar-ilusionate-y-actualizate\" target=\"_blank\" rel=\"noopener noreferrer\">Datos del programa<\/a><\/li>\n<\/ul>\n<p><\/li><li class=\"tab-pane \" id=\"ert_pane1-12\"><span style=\"text-decoration: underline;\"><strong>ERASMUS PLUS<br \/>\n<\/strong><\/span><\/p>\n<p>Programa EUROPEO para fomentar las oportunidades de desarrollo profesional y acad\u00e9mico de los docentes y el alumnado:<br \/>\n-Conociendo otros pa\u00edses europeos.<br \/>\n-Ampliando horizontes, elevando aspiraciones y aumentando habilidades para la vida.<br \/>\n-Conectando con otras escuelas de toda Europa.<br \/>\n-Estableciendo v\u00ednculos con empresas, responsables pol\u00edticos, organizaciones juveniles y otros socios del propio pa\u00eds y en toda Europa<\/p>\n<ul>\n<li><a href=\"https:\/\/ec.europa.eu\/programmes\/erasmus-plus\/node_es\" target=\"_blank\" rel=\"noopener noreferrer\">Datos del programa<\/a><\/li>\n<\/ul>\n<p><\/li><li class=\"tab-pane \" id=\"ert_pane1-13\"><strong><span style=\"text-decoration: underline;\">Transformaci\u00f3n Digital Educativa<\/span><br \/>\n<\/strong><\/p>\n<p>Programa para promover el uso de las TICs en toda la comunidad educativa especialmente en el alumnado del centro.<\/p>\n<ul>\n<li><a href=\"https:\/\/iestrevenque.es\/sitio\/wp-content\/uploads\/2024\/11\/PlanActuacionDigital.pdf\">Datos del programa<\/a><\/li>\n<li><a href=\"https:\/\/iestrevenque.es\/sitio\/wp-content\/uploads\/2024\/11\/PlanActuacionDigital.pdf\" class=\"pdfemb-viewer\" style=\"\" data-width=\"max\" data-height=\"max\" data-mobile-width=\"500\"  data-scrollbar=\"none\" data-download=\"on\" data-tracking=\"on\" data-newwindow=\"on\" data-pagetextbox=\"off\" data-scrolltotop=\"off\" data-startzoom=\"100\" data-startfpzoom=\"100\" data-toolbar=\"both\" data-toolbar-fixed=\"on\">PlanActuacionDigital<br\/><\/a><\/li>\n<\/ul>\n<p><\/li><\/ul><\/div><\/div>\n","protected":false},"excerpt":{"rendered":"<p>Planes y Proyectos Educativos implantados actualmente en el Centro: Escuela TIC 2.0 Pr\u00e1cticum M\u00e1ster Secundaria: Centro de inmersi\u00f3n para la formaci\u00f3n&nbsp;de futuros docentes.&nbsp; Plan de Autoprotecci\u00f3n: Salud y Prevenci\u00f3n de Riesgos Laborales Escuelas Deportivas Programa de Centro Biling\u00fce: Ingl\u00e9s Red Andaluza Escuela: \u00abEspacio de Paz\u00bb Plan de Apertura de Centros Docentes Plan de Igualdad de\u2026 <span class=\"read-more\"><a href=\"https:\/\/iestrevenque.es\/sitio\/planes-y-proyectos\/\">Leer m\u00e1s &raquo;<\/a><\/span><\/p>\n","protected":false},"author":8,"featured_media":0,"parent":0,"menu_order":0,"comment_status":"closed","ping_status":"closed","template":"","meta":{"ngg_post_thumbnail":0,"jetpack_post_was_ever_published":false,"footnotes":""},"categories":[10],"tags":[],"class_list":["post-456","page","type-page","status-publish","hentry","category-planes-y-programas"],"jetpack_sharing_enabled":true,"jetpack_shortlink":"https:\/\/wp.me\/Pa47Ce-7m","_links":{"self":[{"href":"https:\/\/iestrevenque.es\/sitio\/wp-json\/wp\/v2\/pages\/456","targetHints":{"allow":["GET"]}}],"collection":[{"href":"https:\/\/iestrevenque.es\/sitio\/wp-json\/wp\/v2\/pages"}],"about":[{"href":"https:\/\/iestrevenque.es\/sitio\/wp-json\/wp\/v2\/types\/page"}],"author":[{"embeddable":true,"href":"https:\/\/iestrevenque.es\/sitio\/wp-json\/wp\/v2\/users\/8"}],"replies":[{"embeddable":true,"href":"https:\/\/iestrevenque.es\/sitio\/wp-json\/wp\/v2\/comments?post=456"}],"version-history":[{"count":34,"href":"https:\/\/iestrevenque.es\/sitio\/wp-json\/wp\/v2\/pages\/456\/revisions"}],"predecessor-version":[{"id":14333,"href":"https:\/\/iestrevenque.es\/sitio\/wp-json\/wp\/v2\/pages\/456\/revisions\/14333"}],"wp:attachment":[{"href":"https:\/\/iestrevenque.es\/sitio\/wp-json\/wp\/v2\/media?parent=456"}],"wp:term":[{"taxonomy":"category","embeddable":true,"href":"https:\/\/iestrevenque.es\/sitio\/wp-json\/wp\/v2\/categories?post=456"},{"taxonomy":"post_tag","embeddable":true,"href":"https:\/\/iestrevenque.es\/sitio\/wp-json\/wp\/v2\/tags?post=456"}],"curies":[{"name":"wp","href":"https:\/\/api.w.org\/{rel}","templated":true}]}}