{"id":6251,"date":"2021-05-20T06:30:10","date_gmt":"2021-05-20T06:30:10","guid":{"rendered":"https:\/\/iestrevenque.es\/sitio\/?page_id=6251"},"modified":"2024-06-10T07:10:13","modified_gmt":"2024-06-10T07:10:13","slug":"aspectos-de-interes","status":"publish","type":"page","link":"https:\/\/iestrevenque.es\/sitio\/aspectos-de-interes\/","title":{"rendered":"Seguimiento acad. y reclamaciones"},"content":{"rendered":"<p style=\"text-align: justify;\">Con el fin de garantizar el derecho de las familias a participar en el proceso educativo de sus hijos e hijas, el profesorado informar\u00e1 a lo largo del curso a los padres, madres o personas que ejerzan la tutela legal del alumnado, sobre la evoluci\u00f3n escolar de sus hijos o hijas. Esta informaci\u00f3n se referir\u00e1 a los objetivos establecidos en el curr\u00edculo y a los progresos y dificultades detectadas en relaci\u00f3n con cada una de las materias.<\/p>\n<p>A tales efectos, para garantizar este derecho, el procedimiento a seguir ser\u00e1 el siguiente:<\/p>\n<ul>\n<li style=\"text-align: justify;\">La informaci\u00f3n se dar\u00e1 a trav\u00e9s del <strong><em>m\u00f3dulo \u201c<span style=\"text-decoration: underline;\">O<\/span><u>bservaciones del Alumno\/a<\/u>\u201d <\/em><\/strong>de la <a href=\"https:\/\/iestrevenque.es\/sitio\/app-pasen\/\" target=\"_blank\" rel=\"noopener noreferrer\">aplicaci\u00f3n <strong><u>PASEN <\/u><\/strong><\/a>(versi\u00f3n Web y App).<\/li>\n<li>Podr\u00e1 originarse:\n<ul>\n<li style=\"text-align: justify;\">Tanto a petici\u00f3n de los padres, madres o personas que ejerzan la tutela legal del alumnado a trav\u00e9s del profesor tutor o profesora tutora del grupo de sus hijos e hijas. El modo de dirigirse al profesor tutor o profesora tutora ser\u00e1 mediante el <strong><em>m\u00f3dulo \u201c<u>Comunicaciones<\/u>\u201d <\/em><\/strong>de la <a href=\"https:\/\/iestrevenque.es\/sitio\/app-pasen\/\" target=\"_blank\" rel=\"noopener noreferrer\">aplicaci\u00f3n <strong><u>PASEN<\/u><\/strong><\/a>. Una vez hecha la petici\u00f3n, los tutores y tutoras requerir\u00e1n, en cada caso, la colaboraci\u00f3n de los restantes miembros del equipo docente.<\/li>\n<li style=\"text-align: justify;\">Como por iniciativa propia del profesorado cuando lo considere necesario. Sin que las familias lo soliciten, el profesorado podr\u00e1 mantener a las familias informadas de todas aquellas situaciones o hechos que repercutan en el rendimiento acad\u00e9mico de sus hijos(as).&nbsp;<\/li>\n<\/ul>\n<\/li>\n<\/ul>\n<p><strong><span style=\"text-decoration: underline;\">Procedimientos de revisi\u00f3n y reclamaci\u00f3n en caso de desacuerdo con la calificaci\u00f3n final obtenida en alguna materia o con la decisi\u00f3n de promoci\u00f3n adoptada.<\/span><\/strong><\/p>\n<ul>\n<li><span style=\"text-decoration: underline;\">Periodo<\/span>: <strong>al finalizar el curso.<\/strong><\/li>\n<li><span style=\"text-decoration: underline;\">Plazos<\/span>: durante <strong>dos d\u00edas h\u00e1biles<\/strong> a partir del momento en el que se produce la comunicaci\u00f3n de la calificaci\u00f3n final o de la decisi\u00f3n de promoci\u00f3n.&nbsp;<\/li>\n<\/ul>\n<p style=\"text-align: justify;\">Orden de los pasos a seguir:<\/p>\n<p style=\"padding-left: 40px; text-align: justify;\">1\u00ba. El propio alumnado, padres, madres o quienes ejerzan la tutela legal, deber\u00e1n <strong>solicitar<\/strong> las <strong>aclaraciones<\/strong> oportunas mediante entrevistas personales con el profesorado implicado.<\/p>\n<p style=\"padding-left: 40px; text-align: justify;\">2\u00ba. Si, una vez recibidas las aclaraciones, continua existiendo desacuerdo, el alumno o la alumna (en este caso mayor de edad), padre, madre o quienes ejerzan su tutela legal, podr\u00e1 <strong>solicitar la revisi\u00f3n<\/strong> de dicha calificaci\u00f3n o decisi\u00f3n de promoci\u00f3n <strong>por escrito y presentarse en el centro docente <\/strong>(modelo de solicitud disponible en la secretaria).<br \/>\nJefatura de estudios ser\u00e1 quien traslade la solicitud de revisi\u00f3n al profesorado y \u00f3rgano implicado.<br \/>\nEl primer d\u00eda h\u00e1bil siguiente a aquel en el que finalice el per\u00edodo de solicitud de revisi\u00f3n, el profesorado y \u00f3rgano implicado, reunidos en sesi\u00f3n extraordinaria, elaborar\u00e1 el informe correspondiente que recoger\u00e1 la descripci\u00f3n de los hechos, las actuaciones que hayan tenido lugar, el an\u00e1lisis realizado y la decisi\u00f3n adoptada de ratificaci\u00f3n o modificaci\u00f3n de la calificaci\u00f3n final o decisi\u00f3n de promoci\u00f3n objeto de revisi\u00f3n.<br \/>\nJefatura de Estudios comunicar\u00e1 por escrito al interesado\/a la decisi\u00f3n razonada de ratificaci\u00f3n o modificaci\u00f3n de la calificaci\u00f3n revisada o de la decisi\u00f3n de promoci\u00f3n, lo cual pondr\u00e1 t\u00e9rmino al proceso de revisi\u00f3n.<\/p>\n<p style=\"padding-left: 40px; text-align: justify;\">3\u00ba. En el caso de que, tras el procedimiento de revisi\u00f3n anteriormente citado, persista el desacuerdo con la calificaci\u00f3n final obtenida en una materia o con la decisi\u00f3n de promoci\u00f3n, el alumno o la alumna (en este caso mayor de edad), su padre o madre o quienes ejerzan su tutela legal, podr\u00e1n presentar reclamaci\u00f3n, la cual se tramitar\u00e1 de acuerdo con el siguiente procedimiento:<br \/>\n<strong>La reclamaci\u00f3n deber\u00e1 formularse por escrito y presentarse al director o directora del centro<\/strong> <strong>docente<\/strong> (modelo de solicitud disponible en la secretaria) en el plazo de dos d\u00edas h\u00e1biles a partir de la comunicaci\u00f3n del centro a la que se refiere el caso de revisi\u00f3n anteriormente citado, para que la eleve a la correspondiente Delegaci\u00f3n Territorial de la Consejer\u00eda competente en materia a de educaci\u00f3n.<br \/>\nEl director o directora del centro docente, en un plazo no superior a tres d\u00edas h\u00e1biles, remitir\u00e1 el expediente de la reclamaci\u00f3n a la correspondiente Delegaci\u00f3n Territorial, al que incorporar\u00e1 los informes elaborados en el centro y cuantos datos considere acerca del proceso de evaluaci\u00f3n del alumno o alumna, as\u00ed como, en su caso, las nuevas alegaciones del reclamante y, si procede, el informe de la direcci\u00f3n del centro acerca de las mismas. En la Delegaci\u00f3n Territorial se constituir\u00e1, para cada curso escolar, una Comisi\u00f3n T\u00e9cnica Provincial de Reclamaciones que analizar\u00e1 el expediente y las alegaciones que en \u00e9l se contengan.<br \/>\nEn el plazo de quince d\u00edas h\u00e1biles a partir de la recepci\u00f3n del expediente, la persona titular de la<br \/>\nDelegaci\u00f3n Territorial adoptar\u00e1 la resoluci\u00f3n pertinente, que ser\u00e1 motivada en todo caso y que se comunicar\u00e1 inmediatamente al director o directora del centro docente para su aplicaci\u00f3n, cuando proceda, y traslado al interesado o interesada. La resoluci\u00f3n de la Delegaci\u00f3n Territorial pondr\u00e1 fin a la v\u00eda administrativa.<br \/>\nEn el caso de que la reclamaci\u00f3n sea estimada se proceder\u00e1 a la correspondiente correcci\u00f3n de los documentos oficiales de evaluaci\u00f3n.&nbsp;<\/p>\n<p>&nbsp;<\/p>\n<hr>\n<ul>\n<li style=\"text-align: justify;\"><span style=\"font-size: 10pt;\">Ordenes de 30 de mayo de 2023, por las que se desarrolla el curr\u00edculo correspondiente a las etapas de Educaci\u00f3n Secundaria Obligatoria y Bachillerato en la Comunidad Aut\u00f3noma de Andaluc\u00eda, se regulan determinados aspectos de la atenci\u00f3n a la diversidad y a las diferencias individuales y se establece la ordenaci\u00f3n de la evaluaci\u00f3n del proceso de aprendizaje del alumnado.<\/span><\/li>\n","protected":false},"excerpt":{"rendered":"<p>Con el fin de garantizar el derecho de las familias a participar en el proceso educativo de sus hijos e hijas, el profesorado informar\u00e1 a lo largo del curso a los padres, madres o personas que ejerzan la tutela legal del alumnado, sobre la evoluci\u00f3n escolar de sus hijos o hijas. Esta informaci\u00f3n se referir\u00e1\u2026 <span class=\"read-more\"><a href=\"https:\/\/iestrevenque.es\/sitio\/aspectos-de-interes\/\">Leer m\u00e1s &raquo;<\/a><\/span><\/p>\n","protected":false},"author":8,"featured_media":0,"parent":0,"menu_order":0,"comment_status":"closed","ping_status":"closed","template":"","meta":{"ngg_post_thumbnail":0,"jetpack_post_was_ever_published":false,"footnotes":""},"categories":[8],"tags":[],"class_list":["post-6251","page","type-page","status-publish","hentry","category-administracion"],"jetpack_sharing_enabled":true,"jetpack_shortlink":"https:\/\/wp.me\/Pa47Ce-1CP","_links":{"self":[{"href":"https:\/\/iestrevenque.es\/sitio\/wp-json\/wp\/v2\/pages\/6251","targetHints":{"allow":["GET"]}}],"collection":[{"href":"https:\/\/iestrevenque.es\/sitio\/wp-json\/wp\/v2\/pages"}],"about":[{"href":"https:\/\/iestrevenque.es\/sitio\/wp-json\/wp\/v2\/types\/page"}],"author":[{"embeddable":true,"href":"https:\/\/iestrevenque.es\/sitio\/wp-json\/wp\/v2\/users\/8"}],"replies":[{"embeddable":true,"href":"https:\/\/iestrevenque.es\/sitio\/wp-json\/wp\/v2\/comments?post=6251"}],"version-history":[{"count":18,"href":"https:\/\/iestrevenque.es\/sitio\/wp-json\/wp\/v2\/pages\/6251\/revisions"}],"predecessor-version":[{"id":12154,"href":"https:\/\/iestrevenque.es\/sitio\/wp-json\/wp\/v2\/pages\/6251\/revisions\/12154"}],"wp:attachment":[{"href":"https:\/\/iestrevenque.es\/sitio\/wp-json\/wp\/v2\/media?parent=6251"}],"wp:term":[{"taxonomy":"category","embeddable":true,"href":"https:\/\/iestrevenque.es\/sitio\/wp-json\/wp\/v2\/categories?post=6251"},{"taxonomy":"post_tag","embeddable":true,"href":"https:\/\/iestrevenque.es\/sitio\/wp-json\/wp\/v2\/tags?post=6251"}],"curies":[{"name":"wp","href":"https:\/\/api.w.org\/{rel}","templated":true}]}}