{"id":6255,"date":"2021-05-20T06:37:49","date_gmt":"2021-05-20T06:37:49","guid":{"rendered":"https:\/\/iestrevenque.es\/sitio\/?page_id=6255"},"modified":"2021-05-20T07:28:53","modified_gmt":"2021-05-20T07:28:53","slug":"app-pasen","status":"publish","type":"page","link":"https:\/\/iestrevenque.es\/sitio\/app-pasen\/","title":{"rendered":"Aplicaci\u00f3n PASEN"},"content":{"rendered":"<p>M\u00f3dulo del Sistema de gesti\u00f3n acad\u00e9mica de la Junta de Andaluc\u00eda: S\u00c9NECA,&nbsp;que permite la comunicaci\u00f3n entre los centros educativos y las familias, tutores(as) legales y alumnado).<\/p>\n<p style=\"text-align: justify;\">Se recomienda a los padres, madres y tutores(as) legales del alumnado de nuestro centro que se registren en la aplicaci\u00f3n&nbsp;<strong>PASEN<\/strong>&nbsp;y la utilicen como soporte digital para llevar el seguimiento de sus hijos(as) a trav\u00e9s de las observaciones compartidas por el profesorado, las calificaciones trimestrales,&nbsp; las faltas de asistencia&#8230; adem\u00e1s de otras funcionalidades que ofrece la aplicaci\u00f3n.<\/p>\n<p style=\"text-align: justify;\">Modos de acceso a <strong><span style=\"text-decoration: underline;\">PASEN<\/span><\/strong>:<\/p>\n<p><img data-recalc-dims=\"1\" loading=\"lazy\" decoding=\"async\" class=\"wp-image-582 alignleft\" src=\"https:\/\/i0.wp.com\/iestrevenque.es\/sitio\/wp-content\/uploads\/2018\/10\/pasen.jpg?resize=81%2C62&#038;ssl=1\" alt=\"\" width=\"81\" height=\"62\"><span style=\"font-size: 12pt; color: #333333;\">V\u00eda&nbsp;<strong>Web<\/strong>:<br \/>\n<\/span><span style=\"font-family: georgia, palatino, serif; font-size: 10pt;\"><em><a href=\"http:\/\/www.juntadeandalucia.es\/educacion\/portalseneca\/web\/pasen\/inicio\" target=\"_blank\" rel=\"noopener noreferrer\">http:\/\/www.juntadeandalucia.es\/educacion\/portalseneca\/web\/pasen\/inicio<\/a><\/em><\/span><\/p>\n<p><img data-recalc-dims=\"1\" loading=\"lazy\" decoding=\"async\" class=\" wp-image-588 alignleft\" src=\"https:\/\/i0.wp.com\/iestrevenque.es\/sitio\/wp-content\/uploads\/2018\/10\/iPas.jpg?resize=61%2C61&#038;ssl=1\" alt=\"\" width=\"61\" height=\"61\"><span style=\"font-size: 12pt;\">Instalando la <\/span><strong style=\"font-size: 12pt;\">\u00abapp\u00bb<\/strong><span style=\"font-size: 12pt;\"> desde el tel\u00e9fono m\u00f3vil:&nbsp;<\/span><span style=\"font-size: 12pt; color: #333333;\"><br \/>\n&nbsp; <em>&nbsp;<span style=\"font-size: 10pt;\">&#8211; <\/span><\/em><span style=\"font-size: 10pt;\"><em><a href=\"https:\/\/itunes.apple.com\/es\/app\/ipasen\/id511127024?l=en&amp;mt=8\" target=\"_blank\" rel=\"noopener noreferrer\">iPasen para iOS<\/a><\/em><\/span><br \/>\n<span style=\"font-size: 10pt;\"><em>&nbsp; &nbsp;&#8211; <a href=\"https:\/\/play.google.com\/store\/apps\/details?id=juntadeandalucia.ced.pasen\" target=\"_blank\" rel=\"noopener noreferrer\">iPasen para Android<\/a><\/em><\/span><\/span><\/p>\n<p style=\"text-align: justify;\"><strong style=\"text-align: justify;\">Para registrase<\/strong><span style=\"text-align: justify;\"> en la aplicaci\u00f3n, est\u00e1 disponible un nuevo procedimiento de \u00ab<\/span><strong style=\"text-align: justify;\">autologin<\/strong><span style=\"text-align: justify;\">\u00bb mediante el cual cualquier padre\/madre\/tutor(a) legal podr\u00e1 obtener, de manera autom\u00e1tica, las credenciales de acceso a PASEN.&nbsp;&nbsp;Para realizar el \u00abautologin\u00bb a trav\u00e9s de la aplicaci\u00f3n web o de la app iPasen, las familias deber\u00e1n pinchar en el enlace <\/span><em style=\"text-align: justify;\">&#8216;<strong>No tengo acceso<\/strong>&#8216;<\/em><span style=\"text-align: justify;\"> de la pantalla de login.<\/span><\/p>\n<p><img data-recalc-dims=\"1\" loading=\"lazy\" decoding=\"async\" class=\" wp-image-591 aligncenter\" src=\"https:\/\/i0.wp.com\/iestrevenque.es\/sitio\/wp-content\/uploads\/2018\/10\/autologinPasen.jpg?resize=550%2C322&#038;ssl=1\" alt=\"\" width=\"550\" height=\"322\" srcset=\"https:\/\/i0.wp.com\/iestrevenque.es\/sitio\/wp-content\/uploads\/2018\/10\/autologinPasen.jpg?w=823&amp;ssl=1 823w, https:\/\/i0.wp.com\/iestrevenque.es\/sitio\/wp-content\/uploads\/2018\/10\/autologinPasen.jpg?resize=300%2C176&amp;ssl=1 300w, https:\/\/i0.wp.com\/iestrevenque.es\/sitio\/wp-content\/uploads\/2018\/10\/autologinPasen.jpg?resize=768%2C450&amp;ssl=1 768w, https:\/\/i0.wp.com\/iestrevenque.es\/sitio\/wp-content\/uploads\/2018\/10\/autologinPasen.jpg?resize=660%2C387&amp;ssl=1 660w\" sizes=\"auto, (max-width: 550px) 100vw, 550px\" \/><\/p>\n<p style=\"text-align: justify;\">Se requerir\u00e1n tres datos: El NIF, una fecha de nacimiento (de algunos de sus hijos\/as o la suya propia) y un n\u00famero de tel\u00e9fono m\u00f3vil donde recibir\u00e1 por SMS las credenciales. Este \u00faltimo deber\u00e1 coincidir con el que consta en S\u00e9neca para los tutores(as) legales o para el alumnado.<\/p>\n<iframe loading=\"lazy\"  id=\"_ytid_78463\"  width=\"665\" height=\"374\"  data-origwidth=\"665\" data-origheight=\"374\" src=\"https:\/\/www.youtube.com\/embed\/1Ztu5zuzp4k?enablejsapi=1&autoplay=0&cc_load_policy=0&cc_lang_pref=&iv_load_policy=1&loop=0&rel=1&fs=1&playsinline=0&autohide=2&theme=dark&color=red&controls=1&disablekb=0&\" class=\"__youtube_prefs__  no-lazyload\" title=\"YouTube player\"  allow=\"fullscreen; accelerometer; autoplay; clipboard-write; encrypted-media; gyroscope; picture-in-picture; web-share\" referrerpolicy=\"strict-origin-when-cross-origin\" allowfullscreen data-no-lazy=\"1\" data-skipgform_ajax_framebjll=\"\"><\/iframe>\n<iframe loading=\"lazy\"  id=\"_ytid_30846\"  width=\"665\" height=\"499\"  data-origwidth=\"665\" data-origheight=\"499\" src=\"https:\/\/www.youtube.com\/embed\/cHLova48ULE?enablejsapi=1&autoplay=0&cc_load_policy=0&cc_lang_pref=&iv_load_policy=1&loop=0&rel=1&fs=1&playsinline=0&autohide=2&theme=dark&color=red&controls=1&disablekb=0&\" class=\"__youtube_prefs__  no-lazyload\" title=\"YouTube player\"  allow=\"fullscreen; accelerometer; autoplay; clipboard-write; encrypted-media; gyroscope; picture-in-picture; web-share\" referrerpolicy=\"strict-origin-when-cross-origin\" allowfullscreen data-no-lazy=\"1\" data-skipgform_ajax_framebjll=\"\"><\/iframe>\n<iframe loading=\"lazy\"  id=\"_ytid_61394\"  width=\"665\" height=\"374\"  data-origwidth=\"665\" data-origheight=\"374\" src=\"https:\/\/www.youtube.com\/embed\/W3a7pt1hqr8?enablejsapi=1&autoplay=0&cc_load_policy=0&cc_lang_pref=&iv_load_policy=1&loop=0&rel=1&fs=1&playsinline=0&autohide=2&theme=dark&color=red&controls=1&disablekb=0&\" class=\"__youtube_prefs__  no-lazyload\" title=\"YouTube player\"  allow=\"fullscreen; accelerometer; autoplay; clipboard-write; encrypted-media; gyroscope; picture-in-picture; web-share\" referrerpolicy=\"strict-origin-when-cross-origin\" allowfullscreen data-no-lazy=\"1\" data-skipgform_ajax_framebjll=\"\"><\/iframe>\n<iframe loading=\"lazy\"  id=\"_ytid_75600\"  width=\"665\" height=\"374\"  data-origwidth=\"665\" data-origheight=\"374\" src=\"https:\/\/www.youtube.com\/embed\/J4ESwBGUJeM?enablejsapi=1&autoplay=0&cc_load_policy=0&cc_lang_pref=&iv_load_policy=1&loop=0&rel=1&fs=1&playsinline=0&autohide=2&theme=dark&color=red&controls=1&disablekb=0&\" class=\"__youtube_prefs__  no-lazyload\" title=\"YouTube player\"  allow=\"fullscreen; accelerometer; autoplay; clipboard-write; encrypted-media; gyroscope; picture-in-picture; web-share\" referrerpolicy=\"strict-origin-when-cross-origin\" allowfullscreen data-no-lazy=\"1\" data-skipgform_ajax_framebjll=\"\"><\/iframe>\n<iframe loading=\"lazy\"  id=\"_ytid_39163\"  width=\"665\" height=\"374\"  data-origwidth=\"665\" data-origheight=\"374\" src=\"https:\/\/www.youtube.com\/embed\/AHGxV7vPYc4?enablejsapi=1&autoplay=0&cc_load_policy=0&cc_lang_pref=&iv_load_policy=1&loop=0&rel=1&fs=1&playsinline=0&autohide=2&theme=dark&color=red&controls=1&disablekb=0&\" class=\"__youtube_prefs__  no-lazyload\" title=\"YouTube player\"  allow=\"fullscreen; accelerometer; autoplay; clipboard-write; encrypted-media; gyroscope; picture-in-picture; web-share\" referrerpolicy=\"strict-origin-when-cross-origin\" allowfullscreen data-no-lazy=\"1\" data-skipgform_ajax_framebjll=\"\"><\/iframe>\n","protected":false},"excerpt":{"rendered":"<p>M\u00f3dulo del Sistema de gesti\u00f3n acad\u00e9mica de la Junta de Andaluc\u00eda: S\u00c9NECA,&nbsp;que permite la comunicaci\u00f3n entre los centros educativos y las familias, tutores(as) legales y alumnado). Se recomienda a los padres, madres y tutores(as) legales del alumnado de nuestro centro que se registren en la aplicaci\u00f3n&nbsp;PASEN&nbsp;y la utilicen como soporte digital para llevar el seguimiento\u2026 <span class=\"read-more\"><a href=\"https:\/\/iestrevenque.es\/sitio\/app-pasen\/\">Leer m\u00e1s &raquo;<\/a><\/span><\/p>\n","protected":false},"author":8,"featured_media":0,"parent":0,"menu_order":0,"comment_status":"closed","ping_status":"closed","template":"","meta":{"ngg_post_thumbnail":0,"jetpack_post_was_ever_published":false,"footnotes":""},"categories":[8],"tags":[],"class_list":["post-6255","page","type-page","status-publish","hentry","category-administracion"],"jetpack_sharing_enabled":true,"jetpack_shortlink":"https:\/\/wp.me\/Pa47Ce-1CT","_links":{"self":[{"href":"https:\/\/iestrevenque.es\/sitio\/wp-json\/wp\/v2\/pages\/6255","targetHints":{"allow":["GET"]}}],"collection":[{"href":"https:\/\/iestrevenque.es\/sitio\/wp-json\/wp\/v2\/pages"}],"about":[{"href":"https:\/\/iestrevenque.es\/sitio\/wp-json\/wp\/v2\/types\/page"}],"author":[{"embeddable":true,"href":"https:\/\/iestrevenque.es\/sitio\/wp-json\/wp\/v2\/users\/8"}],"replies":[{"embeddable":true,"href":"https:\/\/iestrevenque.es\/sitio\/wp-json\/wp\/v2\/comments?post=6255"}],"version-history":[{"count":3,"href":"https:\/\/iestrevenque.es\/sitio\/wp-json\/wp\/v2\/pages\/6255\/revisions"}],"predecessor-version":[{"id":6273,"href":"https:\/\/iestrevenque.es\/sitio\/wp-json\/wp\/v2\/pages\/6255\/revisions\/6273"}],"wp:attachment":[{"href":"https:\/\/iestrevenque.es\/sitio\/wp-json\/wp\/v2\/media?parent=6255"}],"wp:term":[{"taxonomy":"category","embeddable":true,"href":"https:\/\/iestrevenque.es\/sitio\/wp-json\/wp\/v2\/categories?post=6255"},{"taxonomy":"post_tag","embeddable":true,"href":"https:\/\/iestrevenque.es\/sitio\/wp-json\/wp\/v2\/tags?post=6255"}],"curies":[{"name":"wp","href":"https:\/\/api.w.org\/{rel}","templated":true}]}}