{"id":6264,"date":"2021-05-20T06:47:12","date_gmt":"2021-05-20T06:47:12","guid":{"rendered":"https:\/\/iestrevenque.es\/sitio\/?page_id=6264"},"modified":"2025-10-13T09:31:05","modified_gmt":"2025-10-13T09:31:05","slug":"orientacion-educativa","status":"publish","type":"page","link":"https:\/\/iestrevenque.es\/sitio\/orientacion-educativa\/","title":{"rendered":"2. Recursos Acci\u00f3n Tutorial"},"content":{"rendered":"<p><iframe loading=\"lazy\" src=\"https:\/\/comunica.iestrevenque.es\/mods\/mod_documents\/dir\/2.DPTOS\/ORIFAMI\/\" name=\"ventana_iframe\" width=\"550\" height=\"150\" frameborder=\"0\" marginwidth=\"0\" marginheight=\"0\" scrolling=\"no\"><span data-mce-type=\"bookmark\" style=\"display: inline-block; width: 0px; overflow: hidden; line-height: 0;\" class=\"mce_SELRES_start\">\ufeff<\/span><\/iframe><\/p>\n<hr>\n<p><img data-recalc-dims=\"1\" loading=\"lazy\" decoding=\"async\" class=\"alignleft size-full wp-image-5498\" src=\"https:\/\/i0.wp.com\/iestrevenque.es\/sitio\/wp-content\/uploads\/2020\/11\/Symbaloo.png?resize=252%2C67&#038;ssl=1\" alt=\"\" width=\"252\" height=\"67\"><\/p>\n<p style=\"text-align: left;\">&nbsp;<\/p>\n<p><span style=\"text-decoration: underline;\"><strong>Recursos para la Orientaci\u00f3n Acad\u00e9mica y Profesional:<\/strong><\/span> &nbsp;<a href=\"https:\/\/www.symbaloo.com\/home\/mix\/orientaciongranada-aovp\" target=\"_blank\" rel=\"noopener noreferrer\">https:\/\/www.symbaloo.com\/home\/mix\/orientaciongranada-aovp<\/a><br \/>\n<span style=\"font-size: 10pt;\">\u00c1rea de Orientaci\u00f3n Vocacional y Profesional del Equipo T\u00e9cnico Provincial para la Orientaci\u00f3n Educativa y Profesional de Granada.<\/span>&nbsp;<\/p>\n<p><strong><span style=\"text-decoration: underline;\">Recursos para la Acci\u00f3n Tutorial y Convivencia: <\/span><\/strong><a href=\"https:\/\/www.symbaloo.com\/home\/mix\/recursosacciontutorial\" target=\"_blank\" rel=\"noopener noreferrer\">https:\/\/www.symbaloo.com\/home\/mix\/recursosacciontutorial<\/a><strong><span style=\"text-decoration: underline;\"><br \/>\n<\/span><\/strong><span style=\"font-size: 10pt;\">Creado por&nbsp; Carmen L\u00f3pez &nbsp;Hern\u00e1ndez desde el \u00c1rea de Acci\u00f3n Tutorial de la Delegaci\u00f3n Territorial de Educaci\u00f3n, Cultura y Deporte.<\/span><\/p>\n<hr>\n<p><img data-recalc-dims=\"1\" loading=\"lazy\" decoding=\"async\" class=\"size-large wp-image-4300 aligncenter\" src=\"https:\/\/i0.wp.com\/iestrevenque.es\/sitio\/wp-content\/uploads\/2020\/03\/DecalogoUsoWhatsAppFamilias.png?resize=665%2C924&#038;ssl=1\" alt=\"\" width=\"665\" height=\"924\" srcset=\"https:\/\/i0.wp.com\/iestrevenque.es\/sitio\/wp-content\/uploads\/2020\/03\/DecalogoUsoWhatsAppFamilias.png?resize=737%2C1024&amp;ssl=1 737w, https:\/\/i0.wp.com\/iestrevenque.es\/sitio\/wp-content\/uploads\/2020\/03\/DecalogoUsoWhatsAppFamilias.png?resize=216%2C300&amp;ssl=1 216w, https:\/\/i0.wp.com\/iestrevenque.es\/sitio\/wp-content\/uploads\/2020\/03\/DecalogoUsoWhatsAppFamilias.png?resize=768%2C1068&amp;ssl=1 768w, https:\/\/i0.wp.com\/iestrevenque.es\/sitio\/wp-content\/uploads\/2020\/03\/DecalogoUsoWhatsAppFamilias.png?resize=660%2C918&amp;ssl=1 660w, https:\/\/i0.wp.com\/iestrevenque.es\/sitio\/wp-content\/uploads\/2020\/03\/DecalogoUsoWhatsAppFamilias.png?w=856&amp;ssl=1 856w\" sizes=\"auto, (max-width: 665px) 100vw, 665px\" \/><\/p>\n","protected":false},"excerpt":{"rendered":"<p>\ufeff &nbsp; Recursos para la Orientaci\u00f3n Acad\u00e9mica y Profesional: &nbsp;https:\/\/www.symbaloo.com\/home\/mix\/orientaciongranada-aovp \u00c1rea de Orientaci\u00f3n Vocacional y Profesional del Equipo T\u00e9cnico Provincial para la Orientaci\u00f3n Educativa y Profesional de Granada.&nbsp; Recursos para la Acci\u00f3n Tutorial y Convivencia: https:\/\/www.symbaloo.com\/home\/mix\/recursosacciontutorial Creado por&nbsp; Carmen L\u00f3pez &nbsp;Hern\u00e1ndez desde el \u00c1rea de Acci\u00f3n Tutorial de la Delegaci\u00f3n Territorial de Educaci\u00f3n, Cultura y\u2026 <span class=\"read-more\"><a href=\"https:\/\/iestrevenque.es\/sitio\/orientacion-educativa\/\">Leer m\u00e1s &raquo;<\/a><\/span><\/p>\n","protected":false},"author":8,"featured_media":0,"parent":0,"menu_order":0,"comment_status":"closed","ping_status":"closed","template":"","meta":{"ngg_post_thumbnail":0,"jetpack_post_was_ever_published":false,"footnotes":""},"categories":[8],"tags":[],"class_list":["post-6264","page","type-page","status-publish","hentry","category-administracion"],"jetpack_sharing_enabled":true,"jetpack_shortlink":"https:\/\/wp.me\/Pa47Ce-1D2","_links":{"self":[{"href":"https:\/\/iestrevenque.es\/sitio\/wp-json\/wp\/v2\/pages\/6264","targetHints":{"allow":["GET"]}}],"collection":[{"href":"https:\/\/iestrevenque.es\/sitio\/wp-json\/wp\/v2\/pages"}],"about":[{"href":"https:\/\/iestrevenque.es\/sitio\/wp-json\/wp\/v2\/types\/page"}],"author":[{"embeddable":true,"href":"https:\/\/iestrevenque.es\/sitio\/wp-json\/wp\/v2\/users\/8"}],"replies":[{"embeddable":true,"href":"https:\/\/iestrevenque.es\/sitio\/wp-json\/wp\/v2\/comments?post=6264"}],"version-history":[{"count":3,"href":"https:\/\/iestrevenque.es\/sitio\/wp-json\/wp\/v2\/pages\/6264\/revisions"}],"predecessor-version":[{"id":14338,"href":"https:\/\/iestrevenque.es\/sitio\/wp-json\/wp\/v2\/pages\/6264\/revisions\/14338"}],"wp:attachment":[{"href":"https:\/\/iestrevenque.es\/sitio\/wp-json\/wp\/v2\/media?parent=6264"}],"wp:term":[{"taxonomy":"category","embeddable":true,"href":"https:\/\/iestrevenque.es\/sitio\/wp-json\/wp\/v2\/categories?post=6264"},{"taxonomy":"post_tag","embeddable":true,"href":"https:\/\/iestrevenque.es\/sitio\/wp-json\/wp\/v2\/tags?post=6264"}],"curies":[{"name":"wp","href":"https:\/\/api.w.org\/{rel}","templated":true}]}}