{"id":6267,"date":"2021-05-20T06:50:29","date_gmt":"2021-05-20T06:50:29","guid":{"rendered":"https:\/\/iestrevenque.es\/sitio\/?page_id=6267"},"modified":"2021-05-20T06:50:29","modified_gmt":"2021-05-20T06:50:29","slug":"ampa","status":"publish","type":"page","link":"https:\/\/iestrevenque.es\/sitio\/ampa\/","title":{"rendered":"AMPA"},"content":{"rendered":"<p style=\"text-align: justify;\"><span style=\"text-decoration: underline;\"><strong>Asociaci\u00f3n de madres y padres de alumnos (<\/strong><\/span><strong>AMPA) \u00abVientos del Trevenque\u00bb<br \/>\n<\/strong>Los miembros de la junta directiva de la Asociaci\u00f3n de Padres y Madres de alumnos del IES Trevenque queremos saludar a todos los padres y madres del Instituto y os animamos a formar parte de ella o a venir a contarnos vuestras iniciativas, quejas o sugerencias.<span style=\"text-decoration: underline;\"><strong><br \/>\n<\/strong><\/span><\/p>\n<p>Diez razones para pertenecer y colaborar en el AMPA \u00abVientos del Trevenque\u00bb<\/p>\n<ol>\n<li style=\"text-align: justify;\">Porque es nuestra responsabilidad educar a nuestros hijos e hijas.<\/li>\n<li style=\"text-align: justify;\">Por la necesidad de estar unidos a la hora de reivindicar aspectos que nos ayuden a mejorar la educaci\u00f3n p\u00fablica.<\/li>\n<li style=\"text-align: justify;\">Porque un movimiento de padres y madres agrupados hace que las iniciativas y peticiones de \u00e9stos sean vistas con mayor respeto por las Administraciones P\u00fablicas, por el profesorado, por la sociedad, etc.<\/li>\n<li style=\"text-align: justify;\">Porque si los padres y madres no somos efectivos y participativos, \u00bfc\u00f3mo explicar a nuestros hijos e hijas que tienen que ser personas implicadas en una sociedad donde puedan y deban expresarse, participar y corresponsabilizarse en su propio futuro?<\/li>\n<li style=\"text-align: justify;\">Porque son solo 15 \u20ac al a\u00f1o que puedes pagar cuando m\u00e1s te convenga.<\/li>\n<li style=\"text-align: justify;\">Porque sin vuestra participaci\u00f3n puede desaparecer todo el esfuerzo llevado a cabo durante todos estos a\u00f1os y es necesario renovar Junta Directiva.<\/li>\n<li style=\"text-align: justify;\">Porque todos somos necesarios para mejorar la calidad de vida de nuestros hijos e hijas.<\/li>\n<li style=\"text-align: justify;\">Por la importancia de llevar a los Consejos Escolares la presencia de los padres y las madres, organizados en las AMPA, para defender los intereses de todos, no los individuales. Participar es un derecho, pero tambi\u00e9n un deber social.<\/li>\n<li style=\"text-align: justify;\">Porque somos madres y padres implicados y comprometidos que estamos dispuestos a participar y colaborar en un proyecto com\u00fan, pues creemos que tenemos por delante un trabajo bonito, \u00fatil e ilusionante, como es la formaci\u00f3n integral plena de nuestros hijos. Como padres, queremos lo mejor para nuestros hijos y por tanto para nuestra comunidad educativa.<\/li>\n<li style=\"text-align: justify;\">Porque entre sus objetivos tambi\u00e9n figura el de que el centro se convierta en un centro democr\u00e1tico y participativo, gestionado democr\u00e1ticamente por los padres y madres. En realidad, las familias tienen m\u00e1s peso del que se creen. Es necesario que no dejen a su hijo en clase y se desentiendan.<span style=\"text-decoration: underline;\"><strong><br \/>\n<\/strong><\/span><\/li>\n<\/ol>\n<p>La junta actual, aprobada en Asamblea General Extraordinaria del d\u00eda 18 de octubre de 2018 est\u00e1 compuesta por:<\/p>\n<ul>\n<li>Presidente: Francisco Javier Garc\u00eda Pi\u00f1ar<\/li>\n<li>Vicepresidenta: Susana Escobar Morente<\/li>\n<li>Secretario: Fernando Rafael Hern\u00e1ndez Rojo<\/li>\n<li>Tesorero: Jaime S\u00e1nchez Prados<\/li>\n<li>Vocales:\n<ul>\n<li>Inmaculada Ruiz Maroto<\/li>\n<li>Mar\u00eda Victoria \u00c1vila Trillo<\/li>\n<li>Estrella Alarc\u00f3n Gonz\u00e1lez<\/li>\n<li>Livia Tadei Hern\u00e1ndez Rojo<\/li>\n<li>Mar\u00eda Amor Jim\u00e9nez Martin<\/li>\n<li>Carmen Delia del Castillo Valverde<\/li>\n<li>Sabina Jim\u00e9nez Garc\u00eda<\/li>\n<\/ul>\n<\/li>\n<\/ul>\n<p style=\"text-align: justify;\">Contacto continuo: <strong>ampatrevenque@hotmail.com<\/strong><br \/>\nS\u00edguenos en <strong>facebook:<\/strong> Ampa Trevenque<br \/>\nTambi\u00e9n en nuestro <em><a href=\"http:\/\/ampatrevenque.blogspot.com\/\" target=\"_blank\" rel=\"noopener noreferrer\"><strong>blog:ampatrevenque.blogpopt.com<\/strong><\/a><\/em><\/p>\n<p style=\"text-align: justify;\">Sede: Cuesta Corvales edf. Antiguo Juzgado de Paz y Protecci\u00f3n Civil de la Zubia junto Centro de Salud<\/p>\n<p style=\"text-align: justify;\">La Asociaci\u00f3n tiene funciones importantes dentro de la Comunidad Escolar, como es la de representar a los padres en el Consejo Escolar del instituto formando parte de las distintas comisiones de manera activa.<\/p>\n<p style=\"text-align: justify;\">A principio de curso, celebramos la Asamblea General de socios, a la que est\u00e1n invitados los no socios, donde podremos conocernos, y exponer nuestras opiniones e intentar solucionar en la medida de lo posible, todos aquellos problemas que nos preocupan. No obstante se comunicar\u00e1 la fecha con antelaci\u00f3n. Durante todo el curso se mandaran informaciones de inter\u00e9s siempre v\u00eda email y adem\u00e1s se actualizar\u00e1 la p\u00e1gina del facebook cada vez que haya noticias referidas al instituto y a nuestros alumnos.<\/p>\n<p style=\"text-align: center;\"><span style=\"text-decoration: underline;\">ALGUNAS DE LAS ACTIVIDADES QUE DESARROLLA EL AMPA COLABORANDO CON LOS SOCIOS<\/span><\/p>\n<ul>\n<li style=\"text-align: justify;\">Iniciamos el curso con la Asamblea General Ordinaria y Extraordinaria, y en ella programamos las actividades que desarrollamos durante el a\u00f1o.<\/li>\n<li style=\"text-align: justify;\">Feria del Libro en octubre donde aparte del dto que ofrece la librer\u00eda y la aportaci\u00f3n del IES, el AMPA aporta una cantidad a descontar en la compra.<\/li>\n<li style=\"text-align: justify;\">Colaboraci\u00f3n con el Dpto. de Franc\u00e9s para el Teatro en Franc\u00e9s.<\/li>\n<li style=\"text-align: justify;\">Excursiones del dpto. de Geograf\u00eda e Historia a Antequera, a la Alcazaba, Museo de Bellas Artes, Alhambra.<\/li>\n<li style=\"text-align: justify;\">Excursiones del dpto. de Lengua y Literatura a \u00dabeda y Baeza, Almerinilla.<\/li>\n<li style=\"text-align: justify;\">Excursiones dpto. religi\u00f3n a C\u00f3rdoba y convivencia en Almu\u00f1\u00e9car.<\/li>\n<li style=\"text-align: justify;\">Excursiones a Selwo, Sevilla, Castillo de la Mota.<\/li>\n<li style=\"text-align: justify;\">Colaboraci\u00f3n con el dpto. de Ingles en el teatro de Rob\u00edn Hood.<\/li>\n<li style=\"text-align: justify;\">Colaboraci\u00f3n para asistir a un concierto en el teatro Alhambra.<\/li>\n<li style=\"text-align: justify;\">Aportaci\u00f3n para cubrir algunos gastos en el Viaje a Cambridge, al curso de inmersi\u00f3n ling\u00fc\u00edstica en Escocia y para el viaje de estudios para los socios.<\/li>\n<li style=\"text-align: justify;\">Colaborando en los premios de las Olimpiadas Matem\u00e1ticas.<\/li>\n<li style=\"text-align: justify;\">En la Graduaci\u00f3n de la promoci\u00f3n de 2\u00ba de Bto.<\/li>\n<li style=\"text-align: justify;\">En las Jornadas de cultura Griega y Latina.<\/li>\n<li style=\"text-align: justify;\">Con el ciclo formativo en algunas de las actividades desarrolladas.<\/li>\n<li style=\"text-align: justify;\">Adelantando el importe final para la instalaci\u00f3n del desfibrilador en el Instituto.<\/li>\n<li style=\"text-align: justify;\">Y estamos abiertos a nuevas propuestas tanto vuestras como de los profesores y equipo directivo.<\/li>\n<\/ul>\n<p style=\"text-align: justify;\">El AMPA no solo se dedica a facilitar aportaciones econ\u00f3micas a sus socios para las actividades programadas o los viajes de estudios, el AMPA es mucho m\u00e1s que todo eso, acerca y engloba a la familia en el proyecto educativo del centro que en definitiva no es ni m\u00e1s ni menos que interesarse, apoyar, estimular y promover la formaci\u00f3n acad\u00e9mica que nuestros hijos e hijas est\u00e1n recibiendo y van a recibir, y que en escasos a\u00f1os va a determinar su futuro.<\/p>\n<p style=\"text-align: justify;\">Conocemos el proyecto educativo del centro, sabemos de la profesionalidad de su equipo directivo y de los recursos humanos y profesionales con los cuales cuenta para llevar a buen puerto la formaci\u00f3n de nuestros hijos e hijas.<\/p>\n<p style=\"text-align: justify;\">En consecuencia, queremos ser una organizaci\u00f3n que responda a las necesidades actuales, junto con los dem\u00e1s integrantes de la comunidad educativa, actuando en la transformaci\u00f3n de las escuelas e institutos hacia centros de excelencia, \u00fanico camino para aumentar el rendimiento acad\u00e9mico y reducir el fracaso escolar, principales problemas educativos, para lo cual se present\u00f3 en Concejo Escolar una iniciativa de los delegados\/as, consejeros\/as escolares de familia y ampa del IES Trevenque para la mejora de la convivencia y el respeto mutuo<\/p>\n<p style=\"text-align: justify;\">Est\u00e1s invitado, el instituto te necesita, el AMPA tambi\u00e9n, y su hijo, su hija se lo agradecer\u00e1 con creces el d\u00eda de ma\u00f1ana. Lo sabemos y por eso queremos compartirlo. No deje pasar la oportunidad y participe en el AMPA, participe en todas las actividades que pueda, asista a todas las reuniones que le inviten, no hay nada en esta vida como ejercer la responsabilidad de ser padre y madre, reconforta y llena de orgullo y satisfacci\u00f3n a toda su familia. Les esperamos.<\/p>\n<p><em>Junta Directiva Ampa \u201cVientos del Trevenque\u201d<\/em><\/p>\n<p style=\"text-align: center;\"><strong><span style=\"text-decoration: underline;\">NOTA INFORMATIVA AMPA CURSO 2020\/2021<\/span><\/strong><\/p>\n<p style=\"text-align: center;\"><a href=\"https:\/\/iestrevenque.es\/sitio\/wp-content\/uploads\/2020\/07\/NOTA-INFORMATIVA-AMPA-2020_2021.pdf\" class=\"pdfemb-viewer\" style=\"\" data-width=\"max\" data-height=\"max\" data-mobile-width=\"500\"  data-scrollbar=\"none\" data-download=\"on\" data-tracking=\"on\" data-newwindow=\"on\" data-pagetextbox=\"off\" data-scrolltotop=\"off\" data-startzoom=\"100\" data-startfpzoom=\"100\" data-toolbar=\"both\" data-toolbar-fixed=\"on\">NOTA INFORMATIVA AMPA 2020_2021<br\/><\/a><\/p>\n","protected":false},"excerpt":{"rendered":"<p>Asociaci\u00f3n de madres y padres de alumnos (AMPA) \u00abVientos del Trevenque\u00bb Los miembros de la junta directiva de la Asociaci\u00f3n de Padres y Madres de alumnos del IES Trevenque queremos saludar a todos los padres y madres del Instituto y os animamos a formar parte de ella o a venir a contarnos vuestras iniciativas, quejas\u2026 <span class=\"read-more\"><a href=\"https:\/\/iestrevenque.es\/sitio\/ampa\/\">Leer m\u00e1s &raquo;<\/a><\/span><\/p>\n","protected":false},"author":8,"featured_media":0,"parent":0,"menu_order":0,"comment_status":"closed","ping_status":"closed","template":"","meta":{"ngg_post_thumbnail":0,"jetpack_post_was_ever_published":false,"footnotes":""},"categories":[8],"tags":[],"class_list":["post-6267","page","type-page","status-publish","hentry","category-administracion"],"jetpack_sharing_enabled":true,"jetpack_shortlink":"https:\/\/wp.me\/Pa47Ce-1D5","_links":{"self":[{"href":"https:\/\/iestrevenque.es\/sitio\/wp-json\/wp\/v2\/pages\/6267","targetHints":{"allow":["GET"]}}],"collection":[{"href":"https:\/\/iestrevenque.es\/sitio\/wp-json\/wp\/v2\/pages"}],"about":[{"href":"https:\/\/iestrevenque.es\/sitio\/wp-json\/wp\/v2\/types\/page"}],"author":[{"embeddable":true,"href":"https:\/\/iestrevenque.es\/sitio\/wp-json\/wp\/v2\/users\/8"}],"replies":[{"embeddable":true,"href":"https:\/\/iestrevenque.es\/sitio\/wp-json\/wp\/v2\/comments?post=6267"}],"version-history":[{"count":1,"href":"https:\/\/iestrevenque.es\/sitio\/wp-json\/wp\/v2\/pages\/6267\/revisions"}],"predecessor-version":[{"id":6268,"href":"https:\/\/iestrevenque.es\/sitio\/wp-json\/wp\/v2\/pages\/6267\/revisions\/6268"}],"wp:attachment":[{"href":"https:\/\/iestrevenque.es\/sitio\/wp-json\/wp\/v2\/media?parent=6267"}],"wp:term":[{"taxonomy":"category","embeddable":true,"href":"https:\/\/iestrevenque.es\/sitio\/wp-json\/wp\/v2\/categories?post=6267"},{"taxonomy":"post_tag","embeddable":true,"href":"https:\/\/iestrevenque.es\/sitio\/wp-json\/wp\/v2\/tags?post=6267"}],"curies":[{"name":"wp","href":"https:\/\/api.w.org\/{rel}","templated":true}]}}